{"id":116,"date":"2019-07-07T18:44:39","date_gmt":"2019-07-07T18:44:39","guid":{"rendered":"http:\/\/www.moroccoexperiencetours.com\/esp\/home\/"},"modified":"2019-08-10T22:37:02","modified_gmt":"2019-08-10T22:37:02","slug":"home","status":"publish","type":"page","link":"http:\/\/www.moroccoexperiencetours.com\/esp\/","title":{"rendered":"Inicio"},"content":{"rendered":"<div class=\"ttr_home_html_row0 row\">\n<div class=\"post_column col-lg-12 col-md-11 col-sm-11 col-xs-12\">\n<div class=\"ttr_home_html_column00\">\n<div style=\"height: 0px; width: 0px; overflow: hidden; -webkit-margin-top-collapse: separate;\"><\/div>\n<div class=\"html_content\">\n<p style=\"margin: 0.14em 0em 0em 0.57em; line-height: 1.78571428571429;\"><span style=\"font-family: 'Open Sans','Arial'; font-size: 1.143em; color: rgba(255,255,255,1);\">Bienvenido a Morocco Experience Tours, una peque\u00f1a empresa creada por Mohamed para ofrecerle diversas experiencias y sensaciones durante su visita a Marruecos. All\u00ed podr\u00e1 descubrir paisajes mediterr\u00e1neos, disfrutar de visitas a ciudades reales o dejarse seducir por la generosidad y simplicidad de los n\u00f3madas. Junto con Mohamed, un grupo espa\u00f1ol participa..<\/span><span style=\"font-family: 'Open Sans','Arial'; font-size: 1.143em; color: rgba(255,255,255,1);\">..<\/span><\/p>\n<p style=\"margin: 0.14em 0em 0em 0.57em; line-height: 1.78571428571429;\"><a class=\"btn btn-md btn-default\" href=\"http:\/\/www.moroccoexperiencetours.com\/esp\/sobre-nosotros\/\" target=\"_self\" rel=\"noopener noreferrer\">M\u00e1s<\/a><\/p>\n<h2><span style=\"color: #C1861B; font-size: 1pt;\">Viajes del Desierto, Marruecos viajes de Marrakech, Tours desde Fes, Marruecos rutas de Casablanca, tours desde Casablanca, Marruecos excursiones<\/span><\/h2>\n<\/div>\n<div style=\"height: 0px; width: 0px; overflow: hidden; -webkit-margin-top-collapse: separate;\"><\/div>\n<div style=\"clear: both;\"><\/div>\n<\/div>\n<\/div>\n<div class=\" visible-lg-block visible-xs-block\" style=\"clear: both;\"><\/div>\n<\/div>\n<div class=\"ttr_home_html_row1 row\">\n<div class=\"post_column col-lg-3 col-md-6 col-sm-6 col-xs-12\">\n<div class=\"ttr_home_html_column10\">\n<div style=\"height: 0px; width: 0px; overflow: hidden; -webkit-margin-top-collapse: separate;\"><\/div>\n<div class=\"html_content\">\n<h2 style=\"margin: 0.14em 0em 0em 0em; line-height: 1.49142857142857;\"><span style=\"font-size: 14pt;\">2 dias Marrakech a Zagora desierto<\/span><\/h2>\n<p style=\"line-height: 1.49142857142857;\"><span class=\"ttr_image\" style=\"float: Left; overflow: hidden; margin: 0em 0em 0em 0em;\"><img class=\"ttr_uniform\" style=\"max-height: 200px; max-width: 400px;\" src=\"http:\/\/www.moroccoexperiencetours.com\/wp-content\/uploads\/2019\/07\/za1.jpg\" alt=\"#\" \/><\/span><\/p>\n<p><span style=\"font-weight: bold;\">D\u00eda 1: Marrakech \u2013 Zagora.<\/span><\/p>\n<p style=\"line-height: 1.49142857142857;\">Por la ma\u00f1ana, partiremos a Zagora pasando por las monta\u00f1as del Alto Atlas de Tizi-n-Tichka que se alzan a una altitud de (2260 msnm). Visitaremos la Kasbah de Ait Ben Haddou y las aldeas fortificadas donde&#8230;<a class=\"btn btn-md btn-default\" href=\"http:\/\/www.moroccoexperiencetours.com\/esp\/2-dias-marrakech-a-zagora-ruta-del-desierto\/\" target=\"_self\" rel=\"noopener noreferrer\">M\u00e1s<\/a><\/p>\n<\/div>\n<div style=\"height: 0px; width: 0px; overflow: hidden; -webkit-margin-top-collapse: separate;\"><\/div>\n<div style=\"clear: both;\"><\/div>\n<\/div>\n<\/div>\n<div class=\" visible-xs-block\" style=\"clear: both;\"><\/div>\n<div class=\"post_column col-lg-3 col-md-6 col-sm-6 col-xs-12\">\n<div class=\"ttr_home_html_column11\">\n<div style=\"height: 0px; width: 0px; overflow: hidden; -webkit-margin-top-collapse: separate;\"><\/div>\n<div class=\"html_content\">\n<h2 style=\"margin: 0.14em 0em 0em 0em; line-height: 1.49142857142857;\"><span style=\"font-size: 14pt;\">3 d\u00edas Marrakech Fez viaje del Desierto<\/span><\/h2>\n<p style=\"line-height: 1.49142857142857;\"><span class=\"ttr_image\" style=\"float: Left; overflow: hidden; margin: 0em 0em 0em 0em;\"><img class=\"ttr_uniform\" style=\"max-height: 200px; max-width: 400px;\" src=\"http:\/\/www.moroccoexperiencetours.com\/wp-content\/uploads\/2019\/07\/f3.jpg\" alt=\"#\" \/><\/span><\/p>\n<p><span style=\"font-weight: bold;\">D\u00eda 1: Marrakech \u2013 Gargantas del Dades.<\/span><\/p>\n<p style=\"line-height: 1.49142857142857;\">Nos encontraremos en Marrakech y conduciremos a Ouarzazate. a trav\u00e9s del dram\u00e1tico paso Tizi-N-Tichka (2260m) ,. sobre las monta\u00f1as del Alto Atlas, apreciando la belleza del paisaje en el sinuoso camino a trav\u00e9s&#8230;<a class=\"btn btn-md btn-default\" href=\"http:\/\/www.moroccoexperiencetours.com\/esp\/3-dias-marrakech-fez-viaje-del-desierto\/\" target=\"_self\" rel=\"noopener noreferrer\">M\u00e1s<\/a><\/p>\n<p>&nbsp;<\/p>\n<\/div>\n<div style=\"height: 0px; width: 0px; overflow: hidden; -webkit-margin-top-collapse: separate;\"><\/div>\n<div style=\"clear: both;\"><\/div>\n<\/div>\n<\/div>\n<div class=\" visible-sm-block visible-md-block visible-xs-block\" style=\"clear: both;\"><\/div>\n<div class=\"post_column col-lg-3 col-md-6 col-sm-6 col-xs-12\">\n<div class=\"ttr_home_html_column12\">\n<div style=\"height: 0px; width: 0px; overflow: hidden; -webkit-margin-top-collapse: separate;\"><\/div>\n<div class=\"html_content\">\n<h2 style=\"margin: 0.14em 0em 0em 0em; line-height: 1.49142857142857;\"><span style=\"font-size: 14pt;\">3 d\u00edas Viaje de Marrakech al Desierto<\/span><\/h2>\n<p style=\"line-height: 1.49142857142857;\"><span class=\"ttr_image\" style=\"float: Left; overflow: hidden; margin: 0em 0em 0em 0em;\"><img class=\"ttr_uniform\" style=\"max-height: 200px; max-width: 400px;\" src=\"http:\/\/www.moroccoexperiencetours.com\/wp-content\/uploads\/2019\/07\/d1.jpg\" alt=\"#\" \/><\/span><\/p>\n<p><span style=\"font-weight: bold;\">D\u00eda 1: Marrakech \u2013 Gargantas del Dades.<\/span><\/p>\n<p style=\"line-height: 1.49142857142857;\">En Marrakech, su gu\u00eda y conductor lo recoger\u00e1 en el lugar que usted convenga con nosotros. Una vez listo, nos dirigiremos al sur, rumbo a Ouarzazate. Cruzaremos la sierra y atravesaremos el puerto de Tizi Ntichka, que alcanza&#8230;<a class=\"btn btn-md btn-default\" href=\"http:\/\/www.moroccoexperiencetours.com\/esp\/3-dias-viaje-de-marrakech-al-desierto\/\" target=\"_self\" rel=\"noopener noreferrer\">M\u00e1s<\/a><\/p>\n<p>&nbsp;<\/p>\n<\/div>\n<div style=\"height: 0px; width: 0px; overflow: hidden; -webkit-margin-top-collapse: separate;\"><\/div>\n<div style=\"clear: both;\"><\/div>\n<\/div>\n<\/div>\n<div class=\" visible-xs-block\" style=\"clear: both;\"><\/div>\n<div class=\"post_column col-lg-3 col-md-6 col-sm-6 col-xs-12\">\n<div class=\"ttr_home_html_column13\">\n<div style=\"height: 0px; width: 0px; overflow: hidden; -webkit-margin-top-collapse: separate;\"><\/div>\n<div class=\"html_content\">\n<h2 style=\"margin: 0.14em 0em 0em 0em; line-height: 1.49142857142857;\"><span style=\"font-size: 14pt;\">4 d\u00edas Marrakech viaje al Desierto<\/span><\/h2>\n<p style=\"line-height: 1.49142857142857;\"><span class=\"ttr_image\" style=\"float: Left; overflow: hidden; margin: 0em 0em 0em 0em;\"><img class=\"ttr_uniform\" style=\"max-height: 200px; max-width: 400px;\" src=\"http:\/\/www.moroccoexperiencetours.com\/wp-content\/uploads\/2019\/07\/d2.jpg\" alt=\"#\" \/><\/span><\/p>\n<p><span style=\"font-weight: bold;\">D\u00eda 1: Marrakech \u2013 Gargantas del Dades.<\/span><\/p>\n<p style=\"line-height: 1.49142857142857;\">Recogida a las 8am en el Hotel\/Riad donde se encuentren hospedados en Marrakech para dirigirnos hac\u00eda las monta\u00f1as del Alto Atlas, subcordillera del Atlas Marroqu\u00ed atravesando el Puerto de Tizi-N\u00b4Tichka, donde haremos&#8230;<a class=\"btn btn-md btn-default\" href=\"http:\/\/www.moroccoexperiencetours.com\/esp\/4-dias-marrakech-viaje-al-desierto-de-marruecos\/\" target=\"_self\" rel=\"noopener noreferrer\">M\u00e1s<\/a><\/p>\n<p>&nbsp;<\/p>\n<\/div>\n<div style=\"height: 0px; width: 0px; overflow: hidden; -webkit-margin-top-collapse: separate;\"><\/div>\n<div style=\"clear: both;\"><\/div>\n<\/div>\n<\/div>\n<div class=\" visible-lg-block visible-sm-block visible-md-block visible-xs-block\" style=\"clear: both;\"><\/div>\n<\/div>\n<div class=\"ttr_home_html_row2 row\">\n<div class=\"post_column col-lg-3 col-md-6 col-sm-6 col-xs-12\">\n<div class=\"ttr_home_html_column20\">\n<div style=\"height: 0px; width: 0px; overflow: hidden; -webkit-margin-top-collapse: separate;\"><\/div>\n<div class=\"html_content\">\n<h2 style=\"margin: 0.14em 0em 0em 0em; line-height: 1.49142857142857;\"><span style=\"font-size: 14pt;\">3 d\u00edas Fez Marrakech tour del Desierto<\/span><\/h2>\n<p style=\"line-height: 1.49142857142857;\"><span class=\"ttr_image\" style=\"float: Left; overflow: hidden; margin: 0em 0em 0em 0em;\"><img class=\"ttr_uniform\" style=\"max-height: 200px; max-width: 400px;\" src=\"http:\/\/www.moroccoexperiencetours.com\/wp-content\/uploads\/2019\/07\/222.jpg\" alt=\"#\" \/><\/span><\/p>\n<p><span style=\"font-weight: bold;\">D\u00eda 1 : Fez \u2013 Merzouga.<\/span><\/p>\n<p style=\"line-height: 1.49142857142857;\">Despu\u00e9s del desayuno, saldremos de la ciudad de Fez y viajaremos hacia las dunas de Merzouga. Para llegar, nos dirigiremos hacia el Atlas medio, y visitaremos Ifrane, conocida como la Suiza de \u00c1frica. El siguiente pueblo&#8230;<a class=\"btn btn-md btn-default\" href=\"http:\/\/www.moroccoexperiencetours.com\/esp\/3-dias-fez-marrakech-tour-del-desierto\/\" target=\"_self\" rel=\"noopener noreferrer\">M\u00e1s<\/a><\/p>\n<\/div>\n<div style=\"height: 0px; width: 0px; overflow: hidden; -webkit-margin-top-collapse: separate;\"><\/div>\n<div style=\"clear: both;\"><\/div>\n<\/div>\n<\/div>\n<div class=\" visible-xs-block\" style=\"clear: both;\"><\/div>\n<div class=\"post_column col-lg-3 col-md-6 col-sm-6 col-xs-12\">\n<div class=\"ttr_home_html_column21\">\n<div style=\"height: 0px; width: 0px; overflow: hidden; -webkit-margin-top-collapse: separate;\"><\/div>\n<div class=\"html_content\">\n<h2 style=\"margin: 0.14em 0em 0em 0em; line-height: 1.49142857142857;\"><span style=\"font-size: 14pt;\">3 d\u00edas viaje de Fez al Desierto<\/span><\/h2>\n<p style=\"line-height: 1.49142857142857;\"><span class=\"ttr_image\" style=\"float: Left; overflow: hidden; margin: 0em 0em 0em 0em;\"><img class=\"ttr_uniform\" style=\"max-height: 200px; max-width: 400px;\" src=\"http:\/\/www.moroccoexperiencetours.com\/wp-content\/uploads\/2019\/07\/d3.jpg\" alt=\"#\" \/><\/span><\/p>\n<p><span style=\"font-weight: bold;\">D\u00eda 1 : Fez \u2013 Merzouga.<\/span><\/p>\n<p style=\"line-height: 1.49142857142857;\">Despu\u00e9s del desayuno, saldremos de la ciudad de Fez y viajaremos hacia las dunas de Merzouga. Para llegar, nos dirigiremos hacia el Atlas medio, y visitaremos Ifrane, conocida como la Suiza de \u00c1frica. El siguiente pueblo&#8230;<a class=\"btn btn-md btn-default\" href=\"http:\/\/www.moroccoexperiencetours.com\/esp\/3-dias-viaje-de-fez-al-desierto\/\" target=\"_self\" rel=\"noopener noreferrer\">M\u00e1s<\/a><\/p>\n<p>&nbsp;<\/p>\n<\/div>\n<div style=\"height: 0px; width: 0px; overflow: hidden; -webkit-margin-top-collapse: separate;\"><\/div>\n<div style=\"clear: both;\"><\/div>\n<\/div>\n<\/div>\n<div class=\" visible-sm-block visible-md-block visible-xs-block\" style=\"clear: both;\"><\/div>\n<div class=\"post_column col-lg-3 col-md-6 col-sm-6 col-xs-12\">\n<div class=\"ttr_home_html_column22\">\n<div style=\"height: 0px; width: 0px; overflow: hidden; -webkit-margin-top-collapse: separate;\"><\/div>\n<div class=\"html_content\">\n<h2 style=\"margin: 0.14em 0em 0em 0em; line-height: 1.49142857142857;\"><span style=\"font-size: 14pt;\">4 d\u00edas tour de Fez a Marrakech<\/span><\/h2>\n<p style=\"line-height: 1.49142857142857;\"><span class=\"ttr_image\" style=\"float: Left; overflow: hidden; margin: 0em 0em 0em 0em;\"><img class=\"ttr_uniform\" style=\"max-height: 200px; max-width: 400px;\" src=\"http:\/\/www.moroccoexperiencetours.com\/wp-content\/uploads\/2019\/07\/d9.jpg\" alt=\"#\" \/><\/span><\/p>\n<p><span style=\"font-weight: bold;\">D\u00eda 1 : Fez \u2013 Desierto.<\/span><\/p>\n<p style=\"line-height: 1.49142857142857;\">Recogida en el hotel o Riad donde est\u00e9n alojados , salimos direcci\u00f3n sur para cruzar las Monta\u00f1as del Medio Atlas hasta llegar a Ifrane \u2018\u2019 la peque\u00f1a Suiza Marroqu\u00ed \u2018\u2019por su gran parecido a ese pa\u00eds. De los animales&#8230;<a class=\"btn btn-md btn-default\" href=\"http:\/\/www.moroccoexperiencetours.com\/esp\/4-dias-tour-de-fez-a-marrakech\/\" target=\"_self\" rel=\"noopener noreferrer\">M\u00e1s<\/a><\/p>\n<p>&nbsp;<\/p>\n<\/div>\n<div style=\"height: 0px; width: 0px; overflow: hidden; -webkit-margin-top-collapse: separate;\"><\/div>\n<div style=\"clear: both;\"><\/div>\n<\/div>\n<\/div>\n<div class=\" visible-xs-block\" style=\"clear: both;\"><\/div>\n<div class=\"post_column col-lg-3 col-md-6 col-sm-6 col-xs-12\">\n<div class=\"ttr_home_html_column23\">\n<div style=\"height: 0px; width: 0px; overflow: hidden; -webkit-margin-top-collapse: separate;\"><\/div>\n<div class=\"html_content\">\n<h2 style=\"margin: 0.14em 0em 0em 0em; line-height: 1.49142857142857;\"><span style=\"font-size: 14pt;\">5 d\u00edas Fez viaje al Sur de Marruecos<\/span><\/h2>\n<p style=\"line-height: 1.49142857142857;\"><span class=\"ttr_image\" style=\"float: Left; overflow: hidden; margin: 0em 0em 0em 0em;\"><img class=\"ttr_uniform\" style=\"max-height: 200px; max-width: 400px;\" src=\"http:\/\/www.moroccoexperiencetours.com\/wp-content\/uploads\/2019\/07\/m2.jpg\" alt=\"#\" \/><\/span><\/p>\n<p><span style=\"font-weight: bold;\">D\u00eda 1 : Fez \u2013 Desierto.<\/span><\/p>\n<p style=\"line-height: 1.49142857142857;\">Despu\u00e9s del desayuno, partiremos hacia Merzouga a trav\u00e9s de la regi\u00f3n del Atlas Medio. Conduciremos a trav\u00e9s de Ifrane, la \u201cSuiza\u201d de Marruecos y los bosques de cedros de Azrou, donde podemos detenernos para alimentar&#8230;<a class=\"btn btn-md btn-default\" href=\"http:\/\/www.moroccoexperiencetours.com\/esp\/5-dias-fez-viaje-al-sur-de-marruecos\/\" target=\"_self\" rel=\"noopener noreferrer\">M\u00e1s<\/a><\/p>\n<p>&nbsp;<\/p>\n<\/div>\n<div style=\"height: 0px; width: 0px; overflow: hidden; -webkit-margin-top-collapse: separate;\"><\/div>\n<div style=\"clear: both;\"><\/div>\n<\/div>\n<\/div>\n<div class=\" visible-lg-block visible-sm-block visible-md-block visible-xs-block\" style=\"clear: both;\"><\/div>\n<\/div>\n<h2><span style=\"color: #ffffff; font-size: 1pt;\">Viajes del Desierto, Marruecos viajes de Marrakech, Tours desde Fes, Marruecos rutas de Casablanca, tours desde Casablanca, Marruecos excursiones<\/span><\/h2>\n","protected":false},"excerpt":{"rendered":"<p>Bienvenido a Morocco Experience Tours, una peque\u00f1a empresa creada por Mohamed para ofrecerle diversas experiencias y sensaciones durante su visita a Marruecos. All\u00ed podr\u00e1 descubrir paisajes mediterr\u00e1neos, disfrutar de visitas a ciudades reales o dejarse seducir por la generosidad y &hellip;<\/p>\n<p><a href=\"http:\/\/www.moroccoexperiencetours.com\/esp\/\">Continue Reading<span class=\"meta-nav\">&rarr;<\/span><\/a><\/p>\n","protected":false},"author":1,"featured_media":0,"parent":0,"menu_order":1,"comment_status":"closed","ping_status":"closed","template":"page-templates\/home_page.php","meta":[],"_links":{"self":[{"href":"http:\/\/www.moroccoexperiencetours.com\/esp\/wp-json\/wp\/v2\/pages\/116"}],"collection":[{"href":"http:\/\/www.moroccoexperiencetours.com\/esp\/wp-json\/wp\/v2\/pages"}],"about":[{"href":"http:\/\/www.moroccoexperiencetours.com\/esp\/wp-json\/wp\/v2\/types\/page"}],"author":[{"embeddable":true,"href":"http:\/\/www.moroccoexperiencetours.com\/esp\/wp-json\/wp\/v2\/users\/1"}],"replies":[{"embeddable":true,"href":"http:\/\/www.moroccoexperiencetours.com\/esp\/wp-json\/wp\/v2\/comments?post=116"}],"version-history":[{"count":6,"href":"http:\/\/www.moroccoexperiencetours.com\/esp\/wp-json\/wp\/v2\/pages\/116\/revisions"}],"predecessor-version":[{"id":459,"href":"http:\/\/www.moroccoexperiencetours.com\/esp\/wp-json\/wp\/v2\/pages\/116\/revisions\/459"}],"wp:attachment":[{"href":"http:\/\/www.moroccoexperiencetours.com\/esp\/wp-json\/wp\/v2\/media?parent=116"}],"curies":[{"name":"wp","href":"https:\/\/api.w.org\/{rel}","templated":true}]}}