{"id":117,"date":"2019-07-07T18:44:39","date_gmt":"2019-07-07T18:44:39","guid":{"rendered":"http:\/\/www.moroccoexperiencetours.com\/esp\/about\/"},"modified":"2019-07-12T14:44:21","modified_gmt":"2019-07-12T14:44:21","slug":"sobre-nosotros","status":"publish","type":"page","link":"http:\/\/www.moroccoexperiencetours.com\/esp\/sobre-nosotros\/","title":{"rendered":"Sobre Nosotros"},"content":{"rendered":"<div class=\"ttr_about_html_row0 row\">\n<div class=\"post_column col-lg-12 col-md-12 col-sm-12 col-xs-12\">\n<div class=\"ttr_about_html_column00\">\n<div style=\"height: 0px; width: 0px; overflow: hidden; -webkit-margin-top-collapse: separate;\"><\/div>\n<div class=\"html_content\">\n<p style=\"text-align: Center;\"><span style=\"font-weight: 500; font-size: 1.714em; color: rgba(52,52,52,1);\">Sobre Nosotros<\/span><span style=\"font-weight: 500; font-size: 1.714em; color: rgba(52,52,52,1);\"><\/span><\/p>\n<\/div>\n<div style=\"height: 0px; width: 0px; overflow: hidden; -webkit-margin-top-collapse: separate;\"><\/div>\n<div style=\"clear: both;\"><\/div>\n<\/div>\n<\/div>\n<div class=\" visible-lg-block visible-sm-block visible-md-block visible-xs-block\" style=\"clear: both;\"><\/div>\n<div class=\"post_column col-lg-4 col-md-12 col-sm-12 col-xs-12\">\n<div class=\"ttr_about_html_column01\">\n<div style=\"height: 0px; width: 0px; overflow: hidden; -webkit-margin-top-collapse: separate;\"><\/div>\n<div class=\"html_content\">\n<p>&nbsp;<\/p>\n<\/div>\n<div style=\"height: 0px; width: 0px; overflow: hidden; -webkit-margin-top-collapse: separate;\"><\/div>\n<div style=\"clear: both;\"><\/div>\n<\/div>\n<\/div>\n<div class=\" visible-sm-block visible-md-block visible-xs-block\" style=\"clear: both;\"><\/div>\n<div class=\" visible-lg-block\" style=\"clear: both;\"><\/div>\n<div class=\"post_column col-lg-12 col-md-12 col-sm-12 col-xs-12\">\n<div class=\"ttr_about_html_column02\">\n<div style=\"height: 0px; width: 0px; overflow: hidden; -webkit-margin-top-collapse: separate;\"><\/div>\n<div class=\"html_content\">\n<p><span style=\"font-size: 1.714em; color: rgba(52,52,52,1);\">Bienvenido a Marruecos Tours de experiencia<\/span><\/p>\n<p style=\"margin: 1.43em 0em 0em 0em; line-height: 1.78571428571429;\"><span style=\"font-weight: 300; font-size: 1.143em; color: rgba(78,78,78,1);\">Bienvenido a Morocco Experience Tours, una peque\u00f1a empresa creada por Mohamed para ofrecerle diversas experiencias y sensaciones durante su visita a Marruecos. All\u00ed podr\u00e1 descubrir paisajes mediterr\u00e1neos, disfrutar de visitas a ciudades reales o dejarse seducir por la generosidad y simplicidad de los n\u00f3madas.<br \/>\nJunto con Mohamed, un grupo espa\u00f1ol participa en este proyecto ya que les ofreci\u00f3 una nueva visi\u00f3n de Marruecos. Adem\u00e1s de un grupo de conductores y gu\u00edas locales que lo acompa\u00f1ar\u00e1n y lo har\u00e1n sentir uno m\u00e1s de estas tierras. Entre todos nosotros sumamos m\u00e1s de 10 a\u00f1os como asesores de viajes personalizados para grupos, familias y eventos.<br \/>\nTe invitamos a explorar el fascinante paisaje de Marruecos, un pa\u00eds de dram\u00e1ticos contrastes, leyendas y romance. Nuestros tours culturales lo llevar\u00e1n al coraz\u00f3n del pa\u00eds para disfrutar de una aventura ex\u00f3tica. Senderismo en las monta\u00f1as del Atlas que lo llevar\u00e1n a trav\u00e9s de un paisaje impresionante para un mundo que a\u00fan no ha sido afectado por el turismo. Con nuestras excursiones en el desierto del Sahara, que ofrecen una experiencia de toda una vida, duerma bajo las estrellas y sea testigo del amanecer desde lo alto de una duna de arena gigante.<br \/>\nMorocco Experience Tours ofrece visitas guiadas en c\u00f3modos veh\u00edculos 4 \u00d7 4 y minibuses con aire acondicionado. Trabajamos con todo tipo de clientes (solteros, parejas, familias, amigos o grupos peque\u00f1os). Todos nuestros gu\u00edas son nativos que hablan espa\u00f1ol e ingl\u00e9s con fluidez y lo atender\u00e1n con el mayor cuidado y profesionalidad. Ser\u00e1 recibido personalmente en cualquier aeropuerto, estaci\u00f3n de tren u hotel en cualquier lugar del pa\u00eds, d\u00e1ndoles la bienvenida con un vaso de t\u00e9 de menta con el tradicional y cordial saludo &#8220;Bienvenido a Marruecos&#8221;.<br \/>\nMarruecos es un placer compartir con usted una variedad de recorridos y si no encuentra lo que puede adaptar especialmente para usted.<\/span><\/p>\n<\/div>\n<div style=\"height: 0px; width: 0px; overflow: hidden; -webkit-margin-top-collapse: separate;\"><\/div>\n<div style=\"clear: both;\"><\/div>\n<\/div>\n<\/div>\n<div class=\" visible-lg-block visible-sm-block visible-md-block visible-xs-block\" style=\"clear: both;\"><\/div>\n<\/div>\n<div class=\"ttr_about_html_row1 row\">\n<div class=\"post_column col-lg-3 col-md-6 col-sm-6 col-xs-12\">\n<div class=\"ttr_about_html_column10\">\n<div style=\"height: 0px; width: 0px; overflow: hidden; -webkit-margin-top-collapse: separate;\"><\/div>\n<div class=\"html_content\">\n<p><span class=\"ttr_image\" style=\"float: Left; overflow: hidden; margin: 0em 0em 0em 0em;\"><img class=\"ttr_uniform\" style=\"max-height: 200px; max-width: 400px;\" src=\"http:\/\/www.moroccoexperiencetours.com\/esp\/wp-content\/uploads\/2019\/07\/desert.jpg\" alt=\"#\" \/><\/span><\/p>\n<\/div>\n<div style=\"height: 0px; width: 0px; overflow: hidden; -webkit-margin-top-collapse: separate;\"><\/div>\n<div style=\"clear: both;\"><\/div>\n<\/div>\n<\/div>\n<div class=\" visible-xs-block\" style=\"clear: both;\"><\/div>\n<div class=\"post_column col-lg-3 col-md-6 col-sm-6 col-xs-12\">\n<div class=\"ttr_about_html_column11\">\n<div style=\"height: 0px; width: 0px; overflow: hidden; -webkit-margin-top-collapse: separate;\"><\/div>\n<div class=\"html_content\">\n<p><span class=\"ttr_image\" style=\"float: Left; overflow: hidden; margin: 0em 0em 0em 0em;\"><img class=\"ttr_uniform\" style=\"max-height: 200px; max-width: 400px;\" src=\"http:\/\/www.moroccoexperiencetours.com\/esp\/wp-content\/uploads\/2019\/07\/desert_tours.jpg\" alt=\"#\" \/><\/span><\/p>\n<\/div>\n<div style=\"height: 0px; width: 0px; overflow: hidden; -webkit-margin-top-collapse: separate;\"><\/div>\n<div style=\"clear: both;\"><\/div>\n<\/div>\n<\/div>\n<div class=\" visible-sm-block visible-md-block visible-xs-block\" style=\"clear: both;\"><\/div>\n<div class=\"post_column col-lg-3 col-md-6 col-sm-6 col-xs-12\">\n<div class=\"ttr_about_html_column12\">\n<div style=\"height: 0px; width: 0px; overflow: hidden; -webkit-margin-top-collapse: separate;\"><\/div>\n<div class=\"html_content\">\n<p style=\"line-height: 1.49142857142857;\"><span class=\"ttr_image\" style=\"float: Left; overflow: hidden; margin: 0em 0em 0em 0em;\"><img class=\"ttr_uniform\" style=\"max-height: 200px; max-width: 400px;\" src=\"http:\/\/www.moroccoexperiencetours.com\/esp\/wp-content\/uploads\/2019\/07\/morocco-sahara-tours.jpg\" alt=\"#\" \/><\/span><\/p>\n<\/div>\n<div style=\"height: 0px; width: 0px; overflow: hidden; -webkit-margin-top-collapse: separate;\"><\/div>\n<div style=\"clear: both;\"><\/div>\n<\/div>\n<\/div>\n<div class=\" visible-xs-block\" style=\"clear: both;\"><\/div>\n<div class=\"post_column col-lg-3 col-md-6 col-sm-6 col-xs-12\">\n<div class=\"ttr_about_html_column13\">\n<div style=\"height: 0px; width: 0px; overflow: hidden; -webkit-margin-top-collapse: separate;\"><\/div>\n<div class=\"html_content\">\n<p><span class=\"ttr_image\" style=\"float: Left; overflow: hidden; margin: 0em 0em 0em 0em;\"><img class=\"ttr_uniform\" style=\"max-height: 200px; max-width: 400px;\" src=\"http:\/\/www.moroccoexperiencetours.com\/esp\/wp-content\/uploads\/2019\/07\/Marrakech.jpg\" alt=\"#\" \/><\/span><\/p>\n<\/div>\n<div style=\"height: 0px; width: 0px; overflow: hidden; -webkit-margin-top-collapse: separate;\"><\/div>\n<div style=\"clear: both;\"><\/div>\n<\/div>\n<\/div>\n<div class=\" visible-lg-block visible-sm-block visible-md-block visible-xs-block\" style=\"clear: both;\"><\/div>\n<\/div>\n","protected":false},"excerpt":{"rendered":"<p>Sobre Nosotros &nbsp; Bienvenido a Marruecos Tours de experiencia Bienvenido a Morocco Experience Tours, una peque\u00f1a empresa creada por Mohamed para ofrecerle diversas experiencias y sensaciones durante su visita a Marruecos. All\u00ed podr\u00e1 descubrir paisajes mediterr\u00e1neos, disfrutar de visitas a &hellip;<\/p>\n<p><a href=\"http:\/\/www.moroccoexperiencetours.com\/esp\/sobre-nosotros\/\">Continue Reading<span class=\"meta-nav\">&rarr;<\/span><\/a><\/p>\n","protected":false},"author":1,"featured_media":0,"parent":0,"menu_order":2,"comment_status":"closed","ping_status":"closed","template":"page-templates\/about_page.php","meta":[],"_links":{"self":[{"href":"http:\/\/www.moroccoexperiencetours.com\/esp\/wp-json\/wp\/v2\/pages\/117"}],"collection":[{"href":"http:\/\/www.moroccoexperiencetours.com\/esp\/wp-json\/wp\/v2\/pages"}],"about":[{"href":"http:\/\/www.moroccoexperiencetours.com\/esp\/wp-json\/wp\/v2\/types\/page"}],"author":[{"embeddable":true,"href":"http:\/\/www.moroccoexperiencetours.com\/esp\/wp-json\/wp\/v2\/users\/1"}],"replies":[{"embeddable":true,"href":"http:\/\/www.moroccoexperiencetours.com\/esp\/wp-json\/wp\/v2\/comments?post=117"}],"version-history":[{"count":3,"href":"http:\/\/www.moroccoexperiencetours.com\/esp\/wp-json\/wp\/v2\/pages\/117\/revisions"}],"predecessor-version":[{"id":431,"href":"http:\/\/www.moroccoexperiencetours.com\/esp\/wp-json\/wp\/v2\/pages\/117\/revisions\/431"}],"wp:attachment":[{"href":"http:\/\/www.moroccoexperiencetours.com\/esp\/wp-json\/wp\/v2\/media?parent=117"}],"curies":[{"name":"wp","href":"https:\/\/api.w.org\/{rel}","templated":true}]}}