{"id":122,"date":"2019-07-07T18:44:39","date_gmt":"2019-07-07T18:44:39","guid":{"rendered":"http:\/\/www.moroccoexperiencetours.com\/esp\/new-page-copy\/"},"modified":"2019-07-22T06:56:55","modified_gmt":"2019-07-22T06:56:55","slug":"3-dias-marrakech-fez-viaje-del-desierto","status":"publish","type":"page","link":"http:\/\/www.moroccoexperiencetours.com\/esp\/3-dias-marrakech-fez-viaje-del-desierto\/","title":{"rendered":"3 d\u00edas Marrakech Fez viaje del Desierto"},"content":{"rendered":"<div class=\"ttr_new-page-copy_html_row0 row\">\n<div class=\"post_column col-lg-12 col-md-6 col-sm-6 col-xs-12\">\n<div class=\"ttr_new-page-copy_html_column00\">\n<div style=\"height: 0px; width: 0px; overflow: hidden; -webkit-margin-top-collapse: separate;\"><\/div>\n<div class=\"html_content\">\n<h2><span style=\"color: #ffffff; font-size: 8pt;\">3 d\u00edas Marrakech Fez viaje del Desierto<\/span><\/h2>\n<p style=\"margin: 0.14em 0em 0em 0.57em; line-height: 1.49142857142857;\"><span style=\"font-family: 'Crimson Text','Rosario','Times New Roman'; font-weight: bold; font-size: 1.357em; color: rgba(206,152,52,1);\">D\u00eda 1: Marrakech &#8211; Ait Ben Haddou &#8211; Ouarzazate &#8211; Gargantas del Dades.<\/span><\/p>\n<p style=\"margin: 0.14em 0em 0em 0.57em; line-height: 1.49142857142857;\"><span style=\"font-family: 'Crimson Text','Rosario','Times New Roman'; font-size: 1.357em;\">Nos encontraremos en Marrakech y conduciremos a Ouarzazate. a trav\u00e9s del dram\u00e1tico paso Tizi-N-Tichka (2260m) ,. sobre las monta\u00f1as del Alto Atlas, apreciando la belleza del paisaje en el sinuoso camino a trav\u00e9s de las aldeas bereberes. Llegue a la famosa Kasbah de Ait Ben Haddou, la Kasbah m\u00e1s grande de Marruecos, un sitio hist\u00f3rico matrimonial de la UNESCO que ahora es una casa de muchos miembros de la familia Glaoui . Almorzaremos en la Kasbah y continuaremos a Dades Gorge a trav\u00e9s de Ouarzazate, &#8220;el Hollywood de \u00c1frica&#8221;. y cruzando la carretera de las mil Kasbahs con sus fascinantes castillos de arena y Kalaat Mgouna, la ciudad de las rosas &#8220;, conocida por su festival anual durante la cosecha de rosas en mayo ,. y luego contin\u00fae hasta nuestro hotel en el coraz\u00f3n de Dades Gorge.<\/span><\/p>\n<h2><span style=\"color: #ffffff; font-size: 8pt;\">3 d\u00edas Marrakech Fez viaje del Desierto<\/span><\/h2>\n<p style=\"margin: 0.14em 0em 0em 0.57em; line-height: 1.49142857142857;\"><span style=\"font-family: 'Crimson Text','Rosario','Times New Roman'; font-weight: bold; font-size: 1.357em; color: rgba(206,152,52,1);\">D\u00eda 2: Dades Gorge &#8211; Todra Gorge &#8211; Merzouga.<\/span><\/p>\n<p style=\"margin: 0.14em 0em 0em 0.57em; line-height: 1.49142857142857;\"><span style=\"font-family: 'Crimson Text','Rosario','Times New Roman'; font-size: 1.357em;\">Despu\u00e9s del desayuno en el hotel. Regresaremos por el valle. Para ver la incre\u00edble formaci\u00f3n rocosa \u201clos dedos de los monos\u201d ,. y la a\u00fan vigilada Kasbah de Ait Yul, del siglo XIX. Salimos del valle de Dades hacia Tinghir y el valle de Todra, disfrutando de las vistas panor\u00e1micas de los antiguos pueblos de barro bereber que dominan el valle. Al llegar al Desfiladero, caminaremos bajo el acantilado rojo de 300 m de altura. Donde muchos escaladores vienen a disfrutar de su deporte preferido. Continuamos nuestro viaje a Erfoud y Rissani donde almorzamos. Despu\u00e9s,. Saldremos hacia el pueblo de Merzouga, donde ser\u00e1 recibido con un vaso de t\u00e9 de menta antes de registrarse en su hotel.<\/span><\/p>\n<h2><span style=\"color: #ffffff; font-size: 8pt;\">viajes desde Marrakech<\/span><\/h2>\n<p style=\"margin: 0.14em 0em 0em 0.57em; line-height: 1.49142857142857;\"><span style=\"font-family: 'Crimson Text','Rosario','Times New Roman'; font-weight: bold; font-size: 1.357em; color: rgba(206,152,52,1);\">D\u00eda 3: Merzouga &#8211; Midelt &#8211; Bosque de Azrou &#8211; Ifrane &#8211; Fez.<\/span><\/p>\n<p style=\"margin: 0.14em 0em 0em 0.57em; line-height: 1.49142857142857;\"><span style=\"font-family: 'Crimson Text','Rosario','Times New Roman'; font-size: 1.357em;\">Nos levantaremos temprano en la ma\u00f1ana para emprender nuestra caminata en camello para observar lo que pueda ocurrir. S\u00e9 el mejor amanecer de tu vida. Despu\u00e9s,. Usted ser\u00e1 pac\u00edficamente en camello de regreso a su riad para el desayuno. En ruta, no puedes dejar de apreciar la belleza \u00fanica de las espectaculares dunas de Erg Chebbi que cambian con la luz a medida que avanza el d\u00eda, antes de continuar hacia Fes a trav\u00e9s de Errachidia a lo largo de las magn\u00edficas gargantas de Ziz excavadas en la roca volc\u00e1nica. ya trav\u00e9s del paso Tizi Ntalghamt a Midelt. Llegada a Zaida para disfrutar de una barbacoa y un refrescante vaso de t\u00e9 de menta y luego continuar nuestro viaje a Azrou ,. un pueblo bereber en las monta\u00f1as del Atlas Medio, antes de que nos detengamos a ver los monos b\u00e1rbaros en el famoso bosque de cedros. En la carretera a Ifrane &#8220;el pueblo franc\u00e9s&#8221; paramos para tomar una foto o una bebida y luego nos dirigimos a su hotel en Fes, donde termina el recorrido.<\/span><\/p>\n<h2><span style=\"color: #ffffff; font-size: 8pt;\">tours de Marrakech<\/span><\/h2>\n<p style=\"margin: 0.14em 0em 0em 0.57em; line-height: 1.49142857142857;\"><span style=\"font-family: 'Crimson Text','Rosario','Times New Roman'; font-size: 1.357em;\">Por favor\u00a0<\/span><a class=\"tt_link\" href=\"http:\/\/www.moroccoexperiencetours.com\/esp\/contactenos\/\" target=\"_self\" rel=\"noopener noreferrer\"><span style=\"font-family: 'Crimson Text','Rosario','Times New Roman'; font-size: 1.357em; color: rgba(0,0,255,1);\">cont\u00e1ctenos<\/span><\/a><span style=\"font-family: 'Crimson Text','Rosario','Times New Roman'; font-size: 1.357em;\"> por el precio. Gracias.<\/span><\/p>\n<h2><span style=\"color: #ffffff; font-size: 8pt;\">Ruta Marrakech Fez<\/span><\/h2>\n<p style=\"margin: 0.14em 0em 0em 0.57em; line-height: 1.49142857142857;\"><span style=\"font-family: 'Crimson Text','Rosario','Times New Roman'; font-weight: bold; font-size: 1.357em; color: rgba(193,134,27,1);\">Incluye lista:<\/span><\/p>\n<p style=\"margin: 0.14em 0em 0em 0.57em; line-height: 1.49142857142857;\"><span style=\"font-family: 'Crimson Text','Rosario','Times New Roman'; font-size: 1.357em;\">&#8211; Conductor profesional<\/span><\/p>\n<p style=\"margin: 0.14em 0em 0em 0.57em; line-height: 1.49142857142857;\"><span style=\"font-family: 'Crimson Text','Rosario','Times New Roman'; font-size: 1.357em;\">&#8211; Aire acondicionado 4\u00d74<\/span><\/p>\n<p style=\"margin: 0.14em 0em 0em 0.57em; line-height: 1.49142857142857;\"><span style=\"font-family: 'Crimson Text','Rosario','Times New Roman'; font-size: 1.357em;\">\u2013 Gasolina<\/span><\/p>\n<p style=\"margin: 0.14em 0em 0em 0.57em; line-height: 1.49142857142857;\"><span style=\"font-family: 'Crimson Text','Rosario','Times New Roman'; font-size: 1.357em;\">\u2013 Gu\u00eda de ruta<\/span><\/p>\n<p style=\"margin: 0.14em 0em 0em 0.57em; line-height: 1.49142857142857;\"><span style=\"font-family: 'Crimson Text','Rosario','Times New Roman'; font-size: 1.357em;\">\u2013 Berber Camp (Alojamiento, Cena, Desayuno)<\/span><\/p>\n<p style=\"margin: 0.14em 0em 0em 0.57em; line-height: 1.49142857142857;\"><span style=\"font-family: 'Crimson Text','Rosario','Times New Roman'; font-size: 1.357em;\">\u2013 Paseos en camello <\/span><\/p>\n<h2><span style=\"color: #ffffff; font-size: 8pt;\">tour de Marrakech a Fez<\/span><\/h2>\n<p style=\"margin: 0.14em 0em 0em 0.57em; line-height: 1.49142857142857;\"><span style=\"font-family: 'Crimson Text','Rosario','Times New Roman'; font-weight: bold; font-size: 1.357em; color: rgba(193,134,27,1);\">No incluye:<\/span><\/p>\n<p style=\"margin: 0.14em 0em 0em 0.57em; line-height: 1.49142857142857;\"><span style=\"font-family: 'Crimson Text','Rosario','Times New Roman'; font-size: 1.357em;\">\u2013 Vuelos<\/span><\/p>\n<p style=\"margin: 0.14em 0em 0em 0.57em; line-height: 1.49142857142857;\"><span style=\"font-family: 'Crimson Text','Rosario','Times New Roman'; font-size: 1.357em;\">\u2013 Bebidas<\/span><\/p>\n<p style=\"margin: 0.14em 0em 0em 0.57em; line-height: 1.49142857142857;\"><span style=\"font-family: 'Crimson Text','Rosario','Times New Roman'; font-size: 1.357em;\">\u2013 la comida.<\/span><\/p>\n<h2><span style=\"color: #ffffff; font-size: 8pt;\">3 d\u00edas Marrakech Fez viaje del Desierto<\/span><\/h2>\n<\/div>\n<div style=\"height: 0px; width: 0px; overflow: hidden; -webkit-margin-top-collapse: separate;\"><\/div>\n<div style=\"clear: both;\"><\/div>\n<\/div>\n<\/div>\n<div class=\" visible-lg-block visible-xs-block\" style=\"clear: both;\"><\/div>\n<\/div>\n<div class=\"ttr_new-page-copy_html_row1 row\">\n<div class=\"post_column col-lg-3 col-md-6 col-sm-6 col-xs-12\">\n<div class=\"ttr_new-page-copy_html_column10\">\n<div style=\"height: 0px; width: 0px; overflow: hidden; -webkit-margin-top-collapse: separate;\"><\/div>\n<div class=\"html_content\">\n<p style=\"margin: 0.36em 0em 0.36em 0em; line-height: 1.49142857142857;\"><span class=\"ttr_image\" style=\"float: Left; overflow: hidden; margin: 0.29em 0.29em 0.29em 0.29em; padding: 0em 0em 0em 0em;\"><img class=\"ttr_uniform\" style=\"max-height: 200px; max-width: 355px;\" src=\"http:\/\/www.moroccoexperiencetours.com\/esp\/wp-content\/uploads\/2019\/07\/m4.jpg\" alt=\"3 d\u00edas Marrakech Fez viaje del Desierto\" \/><\/span><\/p>\n<\/div>\n<div style=\"height: 0px; width: 0px; overflow: hidden; -webkit-margin-top-collapse: separate;\"><\/div>\n<div style=\"clear: both;\"><\/div>\n<\/div>\n<\/div>\n<div class=\" visible-xs-block\" style=\"clear: both;\"><\/div>\n<div class=\"post_column col-lg-3 col-md-6 col-sm-6 col-xs-12\">\n<div class=\"ttr_new-page-copy_html_column11\">\n<div style=\"height: 0px; width: 0px; overflow: hidden; -webkit-margin-top-collapse: separate;\"><\/div>\n<div class=\"html_content\">\n<p style=\"margin: 0.36em 0em 0.36em 0em; line-height: 1.49142857142857;\"><span class=\"ttr_image\" style=\"float: Left; overflow: hidden; margin: 0.29em 0.29em 0.29em 0.29em; padding: 0em 0em 0em 0em;\"><img class=\"ttr_uniform\" style=\"max-height: 200px; max-width: 355px;\" src=\"http:\/\/www.moroccoexperiencetours.com\/esp\/wp-content\/uploads\/2019\/07\/d3.jpg\" alt=\"Marruecos tours del desierto\" \/><\/span><\/p>\n<\/div>\n<div style=\"height: 0px; width: 0px; overflow: hidden; -webkit-margin-top-collapse: separate;\"><\/div>\n<div style=\"clear: both;\"><\/div>\n<\/div>\n<\/div>\n<div class=\" visible-sm-block visible-md-block visible-xs-block\" style=\"clear: both;\"><\/div>\n<div class=\"post_column col-lg-3 col-md-6 col-sm-6 col-xs-12\">\n<div class=\"ttr_new-page-copy_html_column12\">\n<div style=\"height: 0px; width: 0px; overflow: hidden; -webkit-margin-top-collapse: separate;\"><\/div>\n<div class=\"html_content\">\n<p style=\"margin: 0.36em 0em 0.36em 0em; line-height: 1.49142857142857;\"><span class=\"ttr_image\" style=\"float: Left; overflow: hidden; margin: 0.29em 0.29em 0.29em 0.29em; padding: 0em 0em 0em 0em;\"><img class=\"ttr_uniform\" style=\"max-height: 200px; max-width: 355px;\" src=\"http:\/\/www.moroccoexperiencetours.com\/esp\/wp-content\/uploads\/2019\/07\/d1.jpg\" alt=\"viajes desde Marrakech\" \/><\/span><\/p>\n<\/div>\n<div style=\"height: 0px; width: 0px; overflow: hidden; -webkit-margin-top-collapse: separate;\"><\/div>\n<div style=\"clear: both;\"><\/div>\n<\/div>\n<\/div>\n<div class=\" visible-xs-block\" style=\"clear: both;\"><\/div>\n<div class=\"post_column col-lg-3 col-md-6 col-sm-6 col-xs-12\">\n<div class=\"ttr_new-page-copy_html_column13\">\n<div style=\"height: 0px; width: 0px; overflow: hidden; -webkit-margin-top-collapse: separate;\"><\/div>\n<div class=\"html_content\">\n<p style=\"margin: 0.36em 0em 0.36em 0em; line-height: 1.49142857142857;\"><span class=\"ttr_image\" style=\"float: Left; overflow: hidden; margin: 0.29em 0.29em 0.29em 0.29em; padding: 0em 0em 0em 0em;\"><img class=\"ttr_uniform\" style=\"max-height: 200px; max-width: 355px;\" src=\"http:\/\/www.moroccoexperiencetours.com\/esp\/wp-content\/uploads\/2019\/07\/f3.jpg\" alt=\"tours de Marrakech\" \/><\/span><\/p>\n<\/div>\n<div style=\"height: 0px; width: 0px; overflow: hidden; -webkit-margin-top-collapse: separate;\"><\/div>\n<div style=\"clear: both;\"><\/div>\n<\/div>\n<\/div>\n<div class=\" visible-lg-block visible-sm-block visible-md-block visible-xs-block\" style=\"clear: both;\"><\/div>\n<\/div>\n","protected":false},"excerpt":{"rendered":"<p>3 d\u00edas Marrakech Fez viaje del Desierto D\u00eda 1: Marrakech &#8211; Ait Ben Haddou &#8211; Ouarzazate &#8211; Gargantas del Dades. Nos encontraremos en Marrakech y conduciremos a Ouarzazate. a trav\u00e9s del dram\u00e1tico paso Tizi-N-Tichka (2260m) ,. sobre las monta\u00f1as del &hellip;<\/p>\n<p><a href=\"http:\/\/www.moroccoexperiencetours.com\/esp\/3-dias-marrakech-fez-viaje-del-desierto\/\">Continue Reading<span class=\"meta-nav\">&rarr;<\/span><\/a><\/p>\n","protected":false},"author":1,"featured_media":0,"parent":0,"menu_order":6,"comment_status":"closed","ping_status":"closed","template":"page-templates\/new-page-copy_page.php","meta":[],"_links":{"self":[{"href":"http:\/\/www.moroccoexperiencetours.com\/esp\/wp-json\/wp\/v2\/pages\/122"}],"collection":[{"href":"http:\/\/www.moroccoexperiencetours.com\/esp\/wp-json\/wp\/v2\/pages"}],"about":[{"href":"http:\/\/www.moroccoexperiencetours.com\/esp\/wp-json\/wp\/v2\/types\/page"}],"author":[{"embeddable":true,"href":"http:\/\/www.moroccoexperiencetours.com\/esp\/wp-json\/wp\/v2\/users\/1"}],"replies":[{"embeddable":true,"href":"http:\/\/www.moroccoexperiencetours.com\/esp\/wp-json\/wp\/v2\/comments?post=122"}],"version-history":[{"count":3,"href":"http:\/\/www.moroccoexperiencetours.com\/esp\/wp-json\/wp\/v2\/pages\/122\/revisions"}],"predecessor-version":[{"id":436,"href":"http:\/\/www.moroccoexperiencetours.com\/esp\/wp-json\/wp\/v2\/pages\/122\/revisions\/436"}],"wp:attachment":[{"href":"http:\/\/www.moroccoexperiencetours.com\/esp\/wp-json\/wp\/v2\/media?parent=122"}],"curies":[{"name":"wp","href":"https:\/\/api.w.org\/{rel}","templated":true}]}}