{"id":127,"date":"2019-07-07T18:44:39","date_gmt":"2019-07-07T18:44:39","guid":{"rendered":"http:\/\/www.moroccoexperiencetours.com\/esp\/new-page-copy-copy3\/"},"modified":"2019-07-22T07:02:18","modified_gmt":"2019-07-22T07:02:18","slug":"5-dias-ruta-de-marrakech-al-desierto","status":"publish","type":"page","link":"http:\/\/www.moroccoexperiencetours.com\/esp\/5-dias-ruta-de-marrakech-al-desierto\/","title":{"rendered":"5 d\u00edas ruta de Marrakech al Desierto"},"content":{"rendered":"<div class=\"ttr_new-page-copy-copy3_html_row0 row\">\n<div class=\"post_column col-lg-12 col-md-6 col-sm-6 col-xs-12\">\n<div class=\"ttr_new-page-copy-copy3_html_column00\">\n<div style=\"height: 0px; width: 0px; overflow: hidden; -webkit-margin-top-collapse: separate;\"><\/div>\n<div class=\"html_content\">\n<p style=\"margin: 0.14em 0em 0em 0.57em; line-height: 1.49142857142857;\"><span style=\"font-family: 'Crimson Text','Rosario','Times New Roman'; font-weight: bold; font-size: 1.357em; color: rgba(206,152,52,1);\">D\u00eda 1 : Marrakech \u2013 Las Gargantas Del Dades.<\/span><\/p>\n<p style=\"margin: 0.14em 0em 0em 0.57em; line-height: 1.49142857142857;\"><span style=\"font-family: 'Crimson Text','Rosario','Times New Roman'; font-size: 1.357em;\">En Marrakech su gu\u00eda y conductor lo recoger\u00e1 en el lugar que se encuentre.Nos dirigiremos al sur rumbo a Ouarzazate hac\u00eda el puerto de Tizi Ntichka que alcanza su punto m\u00e1xima en 2.260 msnm, tendr\u00e1 as\u00ed la oportunidad de apreciar los oasis y los palmerales, las numerosas kasbahs y el paisaje del Atlas Medio. Andaremos por la quietud de la sierra donde podr\u00e1 apreciar el estil\u00f3 de vida de los ber\u00e9beres.A cada paso, descubrir\u00e1 una nueva escena de vida cotidiana. Cena cortes\u00eda y alojamiento en el hotel.<\/span><\/p>\n<h2><span style=\"color: #ffffff; font-size: 8pt;\">5 d\u00edas ruta de Marrakech al Desierto<\/span><\/h2>\n<p style=\"margin: 0.14em 0em 0em 0.57em; line-height: 1.49142857142857;\"><span style=\"font-family: 'Crimson Text','Rosario','Times New Roman'; font-weight: bold; font-size: 1.357em; color: rgba(206,152,52,1);\">D\u00eda 2 : Las Gargantas Del Dades \u2013 Merzouga (El Desierto).<\/span><\/p>\n<p style=\"margin: 0.14em 0em 0em 0.57em; line-height: 1.49142857142857;\"><span style=\"font-family: 'Crimson Text','Rosario','Times New Roman'; font-size: 1.357em;\">Despu\u00e9s del desayuno empezaremos el d\u00eda atravesando Las Gargantas del Dades donde descubriremos pueblos t\u00edpicos y nos encontraremos con los n\u00f3madas ber\u00e9beres de la monta\u00f1a. Despu\u00e9s de almorzar en las Gargantas del Todra, viajaremos por la ruta del alquitr\u00e1n, atravesando el importante palmeral de Tinghir- es uno de los m\u00e1s bonitos y vastos de Marruecos \u2013 para llegar a la ciudad de Erfoud. Donde aqu\u00ed, por pista, nos dirigiremos hacia Merzouga donde luego de beber un t\u00e9 nos subiremos a los camellos para dormir en Jaimas o tiendas ber\u00e9beres en medio del desierto y as\u00ed poder ver las estrellas y escuchar el silencio del desierto. Cena t\u00edpica ber\u00e9ber y alojamiento en Jaimas.<\/span><\/p>\n<h2><span style=\"color: #ffffff; font-size: 8pt;\">5 d\u00edas ruta de Marrakech al Desierto<\/span><\/h2>\n<p style=\"margin: 0.14em 0em 0em 0.57em; line-height: 1.49142857142857;\"><span style=\"font-family: 'Crimson Text','Rosario','Times New Roman'; font-weight: bold; font-size: 1.357em; color: rgba(206,152,52,1);\">D\u00eda 3 : Merzouga \u2013 El Valle De Dra\u00e2 \u2013 Ouarzazate<\/span><\/p>\n<p style=\"margin: 0.14em 0em 0em 0.57em; line-height: 1.49142857142857;\"><span style=\"font-family: 'Crimson Text','Rosario','Times New Roman'; font-size: 1.357em;\">A la ma\u00f1ana temprano, luego de ver el amanecer desde lo alto de una duna, regresaremos al albergue donde desayunaremos.Luego, rumbo a Ouarzazate visitaremos la ciudad de Rissani-capital econ\u00f3mica de Marruecos y primera ciudad imperial del pa\u00eds-,El souk bajo las arcadas rojas y sus numerosas ksours. Luego seguiremos la carretera que va hasta el pueblo de Alnif donde almorzaremos. Continuaremos a trav\u00e9s del magn\u00edfico Valle de Dra\u00e2. Sobre la noche llegaremos a Ouarzazate donde nos alojaremos. Cena y alojamiento.<\/span><\/p>\n<h2><span style=\"color: #ffffff; font-size: 8pt;\">5 d\u00edas ruta de Marrakech al Desierto<\/span><\/h2>\n<p style=\"margin: 0.14em 0em 0em 0.57em; line-height: 1.49142857142857;\"><span style=\"font-family: 'Crimson Text','Rosario','Times New Roman'; font-weight: bold; font-size: 1.357em; color: rgba(206,152,52,1);\">D\u00eda 4 : Ouarzazate \u2013 Kasbah Taourirt \u2013 Kasbah Ait Benhaddou \u2013 Kasbah Talouat \u2013 Marrakech<\/span><\/p>\n<p style=\"margin: 0.14em 0em 0em 0.57em; line-height: 1.49142857142857;\"><span style=\"font-family: 'Crimson Text','Rosario','Times New Roman'; font-size: 1.357em;\">Despu\u00e9s del desayuno visitamoas una Kasbah en el centro de Ouarzazate que es la Kasbah Taourirt. en otros tiempos residencia del pacha de Marrakech. Est\u00e1 construida en adobe con torres almendas.Se visitan los antiguos del Glaoui, el comedor y las habitaciones que conservan su decoraci\u00f3n de estuco pintado, de los techos en madera y cedro. A 30 kms de Ouarzazate conoceremos la famosa Kasbah de Ait Ben Haddou (Declarada patrimonio de la humanidad por la UNESCO). En este espectacular marco se han rodado varias pel\u00edculas famosas como Gladiador, Obelix, Sahara con Pen\u00e9lope Cruz. Luego nos desviaremos por una mini-carretera, y en un bonito paisaje veremos la construcci\u00f3n de adobe y paja de los pueblos de monta\u00f1a. Visita de la Kasbah de Telouet y almuerzo en el sitio. Por la tarde retomamos camino pasando por muchos pueblos ber\u00e9beres de monta\u00f1a hasta llegar al Alto Atlas. Continuamos la aventura cruzando por el puerto de Tizi Ntichka (2.260msnm). Llegamos a Marrakech. Cena y alojamiento en Hotel.<\/span><\/p>\n<h2><span style=\"color: #ffffff; font-size: 8pt;\">5 d\u00edas ruta de Marrakech al Desierto<\/span><\/h2>\n<p style=\"margin: 0.14em 0em 0em 0.57em; line-height: 1.49142857142857;\"><span style=\"font-family: 'Crimson Text','Rosario','Times New Roman'; font-weight: bold; font-size: 1.357em; color: rgba(206,152,52,1);\">D\u00eda 5 : Final Del Circuito Y Traslado Al Aeropuerto.<\/span><\/p>\n<p style=\"margin: 0.14em 0em 0em 0.57em; line-height: 1.49142857142857;\"><span style=\"font-family: 'Crimson Text','Rosario','Times New Roman'; font-size: 1.357em;\">Desayuno en el Hotel y a la hora indicada, traslado al aeropuerto para salir en vuelo con destino a su ciudad de origen. Fin del viaje y de nuestro servicios.<\/span><\/p>\n<h2><span style=\"color: #ffffff; font-size: 8pt;\">viajes desde Marrakech al desierto<\/span><\/h2>\n<h2><span style=\"color: #ffffff; font-size: 8pt;\">Viaje de Marrakech<\/span><\/h2>\n<p style=\"margin: 0.14em 0em 0em 0.57em; line-height: 1.49142857142857;\"><span style=\"font-family: 'Crimson Text','Rosario','Times New Roman'; font-size: 1.357em;\">Por favor\u00a0<\/span><a class=\"tt_link\" href=\"http:\/\/www.moroccoexperiencetours.com\/esp\/contactenos\/\" target=\"_self\" rel=\"noopener noreferrer\"><span style=\"font-family: 'Crimson Text','Rosario','Times New Roman'; font-size: 1.357em; color: rgba(0,0,255,1);\">cont\u00e1ctenos<\/span><\/a><span style=\"font-family: 'Crimson Text','Rosario','Times New Roman'; font-size: 1.357em;\"> por el precio. Gracias.<\/span><\/p>\n<h2><span style=\"color: #ffffff; font-size: 8pt;\">Marruecos viajes del Desierto<\/span><\/h2>\n<p style=\"margin: 0.14em 0em 0em 0.57em; line-height: 1.49142857142857;\"><span style=\"font-family: 'Crimson Text','Rosario','Times New Roman'; font-weight: bold; font-size: 1.357em; color: rgba(193,134,27,1);\">Incluye lista:<\/span><\/p>\n<p style=\"margin: 0.14em 0em 0em 0.57em; line-height: 1.49142857142857;\"><span style=\"font-family: 'Crimson Text','Rosario','Times New Roman'; font-size: 1.357em;\">&#8211; Conductor profesional<\/span><\/p>\n<p style=\"margin: 0.14em 0em 0em 0.57em; line-height: 1.49142857142857;\"><span style=\"font-family: 'Crimson Text','Rosario','Times New Roman'; font-size: 1.357em;\">&#8211; Aire acondicionado 4\u00d74<\/span><\/p>\n<p style=\"margin: 0.14em 0em 0em 0.57em; line-height: 1.49142857142857;\"><span style=\"font-family: 'Crimson Text','Rosario','Times New Roman'; font-size: 1.357em;\">\u2013 Gasolina<\/span><\/p>\n<p style=\"margin: 0.14em 0em 0em 0.57em; line-height: 1.49142857142857;\"><span style=\"font-family: 'Crimson Text','Rosario','Times New Roman'; font-size: 1.357em;\">\u2013 Gu\u00eda de ruta<\/span><\/p>\n<p style=\"margin: 0.14em 0em 0em 0.57em; line-height: 1.49142857142857;\"><span style=\"font-family: 'Crimson Text','Rosario','Times New Roman'; font-size: 1.357em;\">\u2013 Berber Camp (Alojamiento, Cena, Desayuno)<\/span><\/p>\n<p style=\"margin: 0.14em 0em 0em 0.57em; line-height: 1.49142857142857;\"><span style=\"font-family: 'Crimson Text','Rosario','Times New Roman'; font-size: 1.357em;\">\u2013 Paseos en camello <\/span><\/p>\n<h2><span style=\"color: #ffffff; font-size: 8pt;\">Ruta del Desierto<\/span><\/h2>\n<p style=\"margin: 0.14em 0em 0em 0.57em; line-height: 1.49142857142857;\"><span style=\"font-family: 'Crimson Text','Rosario','Times New Roman'; font-weight: bold; font-size: 1.357em; color: rgba(193,134,27,1);\">No incluye:<\/span><\/p>\n<p style=\"margin: 0.14em 0em 0em 0.57em; line-height: 1.49142857142857;\"><span style=\"font-family: 'Crimson Text','Rosario','Times New Roman'; font-size: 1.357em;\">\u2013 Vuelos<\/span><\/p>\n<p style=\"margin: 0.14em 0em 0em 0.57em; line-height: 1.49142857142857;\"><span style=\"font-family: 'Crimson Text','Rosario','Times New Roman'; font-size: 1.357em;\">\u2013 Bebidas<\/span><\/p>\n<p style=\"margin: 0.14em 0em 0em 0.57em; line-height: 1.49142857142857;\"><span style=\"font-family: 'Crimson Text','Rosario','Times New Roman'; font-size: 1.357em;\">\u2013 la comida.<\/span><\/p>\n<h2><span style=\"color: #ffffff; font-size: 8pt;\">tour del desierto<\/span><\/h2>\n<\/div>\n<div style=\"height: 0px; width: 0px; overflow: hidden; -webkit-margin-top-collapse: separate;\"><\/div>\n<div style=\"clear: both;\"><\/div>\n<\/div>\n<\/div>\n<div class=\" visible-lg-block visible-xs-block\" style=\"clear: both;\"><\/div>\n<\/div>\n<div class=\"ttr_new-page-copy-copy3_html_row1 row\">\n<div class=\"post_column col-lg-3 col-md-6 col-sm-6 col-xs-12\">\n<div class=\"ttr_new-page-copy-copy3_html_column10\">\n<div style=\"height: 0px; width: 0px; overflow: hidden; -webkit-margin-top-collapse: separate;\"><\/div>\n<div class=\"html_content\">\n<p style=\"margin: 0.36em 0em 0.36em 0em; line-height: 1.49142857142857;\"><span class=\"ttr_image\" style=\"float: Left; overflow: hidden; margin: 0.29em 0.29em 0.29em 0.29em; padding: 0em 0em 0em 0em;\"><img class=\"ttr_uniform\" style=\"max-height: 200px; max-width: 355px;\" src=\"http:\/\/www.moroccoexperiencetours.com\/esp\/wp-content\/uploads\/2019\/07\/m2.jpg\" alt=\"5 d\u00edas ruta de Marrakech al Desierto\" \/><\/span><\/p>\n<\/div>\n<div style=\"height: 0px; width: 0px; overflow: hidden; -webkit-margin-top-collapse: separate;\"><\/div>\n<div style=\"clear: both;\"><\/div>\n<\/div>\n<\/div>\n<div class=\" visible-xs-block\" style=\"clear: both;\"><\/div>\n<div class=\"post_column col-lg-3 col-md-6 col-sm-6 col-xs-12\">\n<div class=\"ttr_new-page-copy-copy3_html_column11\">\n<div style=\"height: 0px; width: 0px; overflow: hidden; -webkit-margin-top-collapse: separate;\"><\/div>\n<div class=\"html_content\">\n<p style=\"margin: 0.36em 0em 0.36em 0em; line-height: 1.49142857142857;\"><span class=\"ttr_image\" style=\"float: Left; overflow: hidden; margin: 0.29em 0.29em 0.29em 0.29em; padding: 0em 0em 0em 0em;\"><img class=\"ttr_uniform\" style=\"max-height: 200px; max-width: 355px;\" src=\"http:\/\/www.moroccoexperiencetours.com\/esp\/wp-content\/uploads\/2019\/07\/21.jpg\" alt=\"Viaje de Marrakech\" \/><\/span><\/p>\n<\/div>\n<div style=\"height: 0px; width: 0px; overflow: hidden; -webkit-margin-top-collapse: separate;\"><\/div>\n<div style=\"clear: both;\"><\/div>\n<\/div>\n<\/div>\n<div class=\" visible-sm-block visible-md-block visible-xs-block\" style=\"clear: both;\"><\/div>\n<div class=\"post_column col-lg-3 col-md-6 col-sm-6 col-xs-12\">\n<div class=\"ttr_new-page-copy-copy3_html_column12\">\n<div style=\"height: 0px; width: 0px; overflow: hidden; -webkit-margin-top-collapse: separate;\"><\/div>\n<div class=\"html_content\">\n<p style=\"margin: 0.36em 0em 0.36em 0em; line-height: 1.49142857142857;\"><span class=\"ttr_image\" style=\"float: Left; overflow: hidden; margin: 0.29em 0.29em 0.29em 0.29em; padding: 0em 0em 0em 0em;\"><img class=\"ttr_uniform\" style=\"max-height: 200px; max-width: 355px;\" src=\"http:\/\/www.moroccoexperiencetours.com\/esp\/wp-content\/uploads\/2019\/07\/d2.jpg\" alt=\"Ruta del Desierto\" \/><\/span><\/p>\n<\/div>\n<div style=\"height: 0px; width: 0px; overflow: hidden; -webkit-margin-top-collapse: separate;\"><\/div>\n<div style=\"clear: both;\"><\/div>\n<\/div>\n<\/div>\n<div class=\" visible-xs-block\" style=\"clear: both;\"><\/div>\n<div class=\"post_column col-lg-3 col-md-6 col-sm-6 col-xs-12\">\n<div class=\"ttr_new-page-copy-copy3_html_column13\">\n<div style=\"height: 0px; width: 0px; overflow: hidden; -webkit-margin-top-collapse: separate;\"><\/div>\n<div class=\"html_content\">\n<p style=\"margin: 0.36em 0em 0.36em 0em; line-height: 1.49142857142857;\"><span class=\"ttr_image\" style=\"float: Left; overflow: hidden; margin: 0.29em 0.29em 0.29em 0.29em; padding: 0em 0em 0em 0em;\"><img class=\"ttr_uniform\" style=\"max-height: 200px; max-width: 355px;\" src=\"http:\/\/www.moroccoexperiencetours.com\/esp\/wp-content\/uploads\/2019\/07\/za1.jpg\" alt=\"Marruecos viajes del Desierto\" \/><\/span><\/p>\n<\/div>\n<div style=\"height: 0px; width: 0px; overflow: hidden; -webkit-margin-top-collapse: separate;\"><\/div>\n<div style=\"clear: both;\"><\/div>\n<\/div>\n<\/div>\n<div class=\" visible-lg-block visible-sm-block visible-md-block visible-xs-block\" style=\"clear: both;\"><\/div>\n<\/div>\n","protected":false},"excerpt":{"rendered":"<p>D\u00eda 1 : Marrakech \u2013 Las Gargantas Del Dades. En Marrakech su gu\u00eda y conductor lo recoger\u00e1 en el lugar que se encuentre.Nos dirigiremos al sur rumbo a Ouarzazate hac\u00eda el puerto de Tizi Ntichka que alcanza su punto m\u00e1xima &hellip;<\/p>\n<p><a href=\"http:\/\/www.moroccoexperiencetours.com\/esp\/5-dias-ruta-de-marrakech-al-desierto\/\">Continue Reading<span class=\"meta-nav\">&rarr;<\/span><\/a><\/p>\n","protected":false},"author":1,"featured_media":0,"parent":0,"menu_order":11,"comment_status":"closed","ping_status":"closed","template":"page-templates\/new-page-copy-copy3_page.php","meta":[],"_links":{"self":[{"href":"http:\/\/www.moroccoexperiencetours.com\/esp\/wp-json\/wp\/v2\/pages\/127"}],"collection":[{"href":"http:\/\/www.moroccoexperiencetours.com\/esp\/wp-json\/wp\/v2\/pages"}],"about":[{"href":"http:\/\/www.moroccoexperiencetours.com\/esp\/wp-json\/wp\/v2\/types\/page"}],"author":[{"embeddable":true,"href":"http:\/\/www.moroccoexperiencetours.com\/esp\/wp-json\/wp\/v2\/users\/1"}],"replies":[{"embeddable":true,"href":"http:\/\/www.moroccoexperiencetours.com\/esp\/wp-json\/wp\/v2\/comments?post=127"}],"version-history":[{"count":3,"href":"http:\/\/www.moroccoexperiencetours.com\/esp\/wp-json\/wp\/v2\/pages\/127\/revisions"}],"predecessor-version":[{"id":440,"href":"http:\/\/www.moroccoexperiencetours.com\/esp\/wp-json\/wp\/v2\/pages\/127\/revisions\/440"}],"wp:attachment":[{"href":"http:\/\/www.moroccoexperiencetours.com\/esp\/wp-json\/wp\/v2\/media?parent=127"}],"curies":[{"name":"wp","href":"https:\/\/api.w.org\/{rel}","templated":true}]}}