{"id":128,"date":"2019-07-07T18:44:39","date_gmt":"2019-07-07T18:44:39","guid":{"rendered":"http:\/\/www.moroccoexperiencetours.com\/esp\/new-page-copy-copy4\/"},"modified":"2019-08-04T21:11:24","modified_gmt":"2019-08-04T21:11:24","slug":"8-dias-viaje-marrakech-al-sahara-de-marruecos","status":"publish","type":"page","link":"http:\/\/www.moroccoexperiencetours.com\/esp\/8-dias-viaje-marrakech-al-sahara-de-marruecos\/","title":{"rendered":"8 d\u00edas Viaje Marrakech al S\u00e1hara de Marruecos"},"content":{"rendered":"<div class=\"ttr_new-page-copy-copy4_html_row0 row\">\n<div class=\"post_column col-lg-12 col-md-6 col-sm-6 col-xs-12\">\n<div class=\"ttr_new-page-copy-copy4_html_column00\">\n<div style=\"height: 0px; width: 0px; overflow: hidden; -webkit-margin-top-collapse: separate;\"><\/div>\n<div class=\"html_content\">\n<h2><span style=\"color: #ffffff; font-size: 8pt;\">8 d\u00edas Viaje Marrakech al S\u00e1hara de Marruecos<\/span><\/h2>\n<p style=\"margin: 0.14em 0em 0em 0.57em; line-height: 1.49142857142857;\"><span style=\"font-family: 'Crimson Text','Rosario','Times New Roman'; font-weight: bold; font-size: 1.357em; color: rgba(206,152,52,1);\">D\u00eda 1 : Llegada A Marrakech<\/span><\/p>\n<p style=\"margin: 0.14em 0em 0em 0.57em; line-height: 1.49142857142857;\"><span style=\"font-family: 'Crimson Text','Rosario','Times New Roman'; font-size: 1.357em;\">El gu\u00eda acompa\u00f1ante de Morocco Experience Tours lo estar\u00e1 esperando en el aeropuerto Menara de Marrakech para trasladalo a su alojamiento. En funci\u00f3n de la hora de llegada tendr\u00e1 posibilidad de recorrer por su cuenta la zona de la Koutoubia (S.XVI), los jardines de la Menara y la famos\u00edsima plaza de Jemma El Fna conocida por sus callejuelas y los Zocos de la Medina. Alojamiento en el Riad.<\/span><\/p>\n<h2><span style=\"color: #ffffff; font-size: 8pt;\">8 d\u00edas Viaje Marrakech al S\u00e1hara de Marruecos<\/span><\/h2>\n<p style=\"margin: 0.14em 0em 0em 0.57em; line-height: 1.49142857142857;\"><span style=\"font-family: 'Crimson Text','Rosario','Times New Roman'; font-weight: bold; font-size: 1.357em; color: rgba(206,152,52,1);\">D\u00eda 2 : Marrakech \u2013 Zagora (360km)<\/span><\/p>\n<p style=\"margin: 0.14em 0em 0em 0.57em; line-height: 1.49142857142857;\"><span style=\"font-family: 'Crimson Text','Rosario','Times New Roman'; font-size: 1.357em;\">Salida desde Marrakech direcci\u00f3n al sur. Atravesaremos el pueblo de Ait Ourir desde donde la carretera se estrecha para cruzar el cuello de Tizi Ntichka de 2260 msnm. Camino a Zagora pasaremos por el hermoso Valle del Dra\u00e2 con sus 3 millones de palmeras en el que nos adentraremos a descubrir pueblos antiguos y los Kasbahs. Al finalizar el d\u00eda llegaremos a Zagora en el coraz\u00f3n de un precioso oasis. Cena de cortes\u00eda y alojamiento en el Hotel.<\/span><\/p>\n<h2><span style=\"color: #ffffff; font-size: 8pt;\">8 d\u00edas Viaje Marrakech al S\u00e1hara de Marruecos<\/span><\/h2>\n<p style=\"margin: 0.14em 0em 0em 0.57em; line-height: 1.49142857142857;\"><span style=\"font-family: 'Crimson Text','Rosario','Times New Roman'; font-weight: bold; font-size: 1.357em; color: rgba(206,152,52,1);\">D\u00eda 3 : Zagora \u2013 Tafraout \u2013 Ramlia \u2013 Ouzina \u2013 Merzouga \u201cPueblos Ber\u00e9ber En El Desierto \u201c(280km Pista)<\/span><\/p>\n<p style=\"margin: 0.14em 0em 0em 0.57em; line-height: 1.49142857142857;\"><span style=\"font-family: 'Crimson Text','Rosario','Times New Roman'; font-size: 1.357em;\">Despu\u00e9s del desayuno, Viajaremos en el 4\u00d74 por pistas poco transitadas, observaremos al paso diferentes paisajes. En el pueblo de Ramlia compartiremos un t\u00e9 con lugare\u00f1os y visitaremos su jard\u00edn. Continuaremos hacia Merzouga y la Erg Chebbi, las dunas m\u00e1s grandes de todo el Sahara. En las dunas podr\u00e1 aprovechar lo que resta del d\u00eda para admirar como cambia la luz sobre las dunas del desierto en los atardeceres. Cena de cortes\u00eda y alojamiento en un albergue.<\/span><\/p>\n<h2><span style=\"color: #ffffff; font-size: 8pt;\">8 d\u00edas Viaje Marrakech al S\u00e1hara de Marruecos<\/span><\/h2>\n<p style=\"margin: 0.14em 0em 0em 0.57em; line-height: 1.49142857142857;\"><span style=\"font-family: 'Crimson Text','Rosario','Times New Roman'; font-weight: bold; font-size: 1.357em; color: rgba(206,152,52,1);\">D\u00eda 4 : Merzouga \u2013 Erg Chebbi \u2013 Merzouga \u2013 (90km Pista)<\/span><\/p>\n<p style=\"margin: 0.14em 0em 0em 0.57em; line-height: 1.49142857142857;\"><span style=\"font-family: 'Crimson Text','Rosario','Times New Roman'; font-size: 1.357em;\">Despu\u00e9s del desayuno, recorreremos otra de las pistas que utilizaban en el \u201c Rally- Dakar\u201d. Pasaremos hacia el otro lado de las dunas visitando los 2 oasis de Merzouga, los tierras n\u00f3madas, el pueblo de Khamlia ( donde viv\u00edan originarios de Mail), las minas de Mifiss, las mesetas des\u00e9rticas, los n\u00f3madas ber\u00e9beres, el oasis de Tissardmine, hasta llegar a la posada y despu\u00e9s del almuerzo nos subiremos a los camellos que a paso lento nos llevar\u00e1n a las Jaimas, atravesando la amplia extensi\u00f3n de arena dorada disfrutando del maravilloso paisaje que nos ofrece el atardecer en el desierto. Esta noche ser\u00e1 especial, dormiremos en las dunas en tiendas n\u00f3madas (Jaimas) como lo hacen los ber\u00e9beres. Aqu\u00ed disfrutaremos de una cena tradicional Ber\u00e9ber, de su m\u00fasica y apreciaremos el esp\u00edritu del desierto con un indescriptible cielo estrellado como pocas veces se ve.<br \/>\nCena de cortes\u00eda y alojamiento en una inolvidable Jaima.<\/span><\/p>\n<h2><span style=\"color: #ffffff; font-size: 8pt;\">Marruecos viajes del desierto<\/span><\/h2>\n<p style=\"margin: 0.14em 0em 0em 0.57em; line-height: 1.49142857142857;\"><span style=\"font-family: 'Crimson Text','Rosario','Times New Roman'; font-weight: bold; font-size: 1.357em; color: rgba(206,152,52,1);\">D\u00eda 5 : Merzouga \u2013 Rissani \u2013 Erfoud \u2013 Las Gargantas Del Todra<\/span><\/p>\n<p style=\"margin: 0.14em 0em 0em 0.57em; line-height: 1.49142857142857;\"><span style=\"font-family: 'Crimson Text','Rosario','Times New Roman'; font-size: 1.357em;\">Madrugaremos para ver el amanecer desde lo alto de una gran duna. Despu\u00e9s regresaremos con los dromedarios al albergue. Despu\u00e9s del desayuno, saldremos hacia Rissani, donde visitaremos el mercado y su famoso parking de burros. Es un lugar \u00fanico, donde acuden para abastecerse todas las tribus y n\u00f3madas del desierto, una visita muy curiosa. Despu\u00e9s nos desplazaremos a Erfoud donde visitaremos las canteras de f\u00f3siles con antig\u00fcedad superior a 380 millones de a\u00f1os. Continuaremos hasta llegar a las famosas Gargantas del Todra, lugar predilecto de escaladores y amantes del treking. Cena de cortes\u00eda y alojamiento en el Riad.<\/span><\/p>\n<h2><span style=\"color: #ffffff; font-size: 8pt;\">tours desde Marrakech<\/span><\/h2>\n<p style=\"margin: 0.14em 0em 0em 0.57em; line-height: 1.49142857142857;\"><span style=\"font-family: 'Crimson Text','Rosario','Times New Roman'; font-weight: bold; font-size: 1.357em; color: rgba(206,152,52,1);\">D\u00eda 6 : Las Gargantas Del Todra \u2013 Las Gargantas Del Dades \u2013 Boutghrar \u2013 Valle De Las Rosas \u2013 Ouarzazate<\/span><\/p>\n<p style=\"margin: 0.14em 0em 0em 0.57em; line-height: 1.49142857142857;\"><span style=\"font-family: 'Crimson Text','Rosario','Times New Roman'; font-size: 1.357em;\">Saldremos hacia el Valle de Dades por la \u201c Ruta de las Mil Kasbahs \u201c. Visitaremos las Gargantas del Dades, y por pista nos adentraremos en el Atlo Atlas donde podremos comparar la diferencia de vida entre los ber\u00e9beres de las monta\u00f1as, los n\u00f3madas del desierto y los del Atlas. Veremos las cuevas donde vivien. Pasaremos por el Valle de Las Rosas donde sus habitantes elaboran cremas, jabones y agua de rosas. Continuaremos en un restaurante t\u00edpico de la zona (almuerzo libre) en el pueblo de Boutghrar y despu\u00e9s nos adentraremos en el valle hasta hasta terminar nuestra ruta en Ouarzazate. Cena de cortes\u00eda y alojamiento en el Hotel.<\/span><\/p>\n<h2><span style=\"color: #ffffff; font-size: 8pt;\">Rutas del desierto<\/span><\/h2>\n<p style=\"margin: 0.14em 0em 0em 0.57em; line-height: 1.49142857142857;\"><span style=\"font-family: 'Crimson Text','Rosario','Times New Roman'; font-weight: bold; font-size: 1.357em; color: rgba(206,152,52,1);\">D\u00eda 7 : Ouarzazate \u2013 Kasbah Taourirt \u2013 Kasbah Ait Ben Haddou \u2013 Kasbah Telouet \u2013 Marrakech<\/span><\/p>\n<p style=\"margin: 0.14em 0em 0em 0.57em; line-height: 1.49142857142857;\"><span style=\"font-family: 'Crimson Text','Rosario','Times New Roman'; font-size: 1.357em;\">Despu\u00e9s del desayuno visitaremos una Kasbah en el centro de Ouarzazate que es la Kasbah Taourirt. En otros tiempos residencia del pach\u00e1 de Marrakech. Est\u00e1 construida en adobe con torres almendas. Se visitan los antiguos aposentos del Glaoui, el comedor y las habitaciones que conservan su decoraci\u00f3n de estuco pintado, de los techos en madera y cedro. A 30 kms de Ouarzazate conoceremos la famosa Kasbah de Ait Ben Haddou (Declarada patrimonio de la humanidad por la UNESCO). En este espectacular marco se han rodado var\u00edas pel\u00edculas famosas como Gladiador, Obelix, Sahara con Pen\u00e9lope Cruz. Luego nos desviaremos por una mini- carretera, y en un bonito paisaje veremos la construcci\u00f3n de adobe y paja de los pueblos de monta\u00f1a. Visita de la Kasbah de Telouet si lo desea podemos almorzar en el sitio. Por la tarde retomaremos el camino pasando por muchos pueblos ber\u00e9beres de la monta\u00f1a hasta llegar al Alto Atlas. Continuaremos la aventura cruzando por el puerto de Tizi Ntichka (2.260 msnm). Llegaremos a Marrakech. alojamiento en el Hotel.<\/span><\/p>\n<h2><span style=\"color: #ffffff; font-size: 8pt;\">Marruecos viaje de S\u00e1hara<\/span><\/h2>\n<p style=\"margin: 0.14em 0em 0em 0.57em; line-height: 1.49142857142857;\"><span style=\"font-family: 'Crimson Text','Rosario','Times New Roman'; font-weight: bold; font-size: 1.357em; color: rgba(206,152,52,1);\">D\u00eda 8 : Final Del Circuito Y Traslado Al Aeropuerto<\/span><\/p>\n<p style=\"margin: 0.14em 0em 0em 0.57em; line-height: 1.49142857142857;\"><span style=\"font-family: 'Crimson Text','Rosario','Times New Roman'; font-size: 1.357em;\">Despu\u00e9s de desayunar y a la hora indicada, le trasladaremos al aeropuerto para que contin\u00fae su siguiente destino. Fin de esta extraordinaria experiencia.<\/span><\/p>\n<h2><span style=\"color: #ffffff; font-size: 8pt;\">tour de Marrakech<\/span><\/h2>\n<p style=\"margin: 0.14em 0em 0em 0.57em; line-height: 1.49142857142857;\"><span style=\"font-family: 'Crimson Text','Rosario','Times New Roman'; font-size: 1.357em;\">Por favor\u00a0<\/span><a class=\"tt_link\" href=\"http:\/\/www.moroccoexperiencetours.com\/esp\/contactenos\/\" target=\"_self\" rel=\"noopener noreferrer\"><span style=\"font-family: 'Crimson Text','Rosario','Times New Roman'; font-size: 1.357em; color: rgba(0,0,255,1);\">cont\u00e1ctenos<\/span><\/a><span style=\"font-family: 'Crimson Text','Rosario','Times New Roman'; font-size: 1.357em;\"> por el precio. Gracias.<\/span><\/p>\n<h2><span style=\"color: #ffffff; font-size: 8pt;\">tour de Marrakech<\/span><\/h2>\n<p style=\"margin: 0.14em 0em 0em 0.57em; line-height: 1.49142857142857;\"><span style=\"font-family: 'Crimson Text','Rosario','Times New Roman'; font-weight: bold; font-size: 1.357em; color: rgba(193,134,27,1);\">Incluye lista:<\/span><\/p>\n<p style=\"margin: 0.14em 0em 0em 0.57em; line-height: 1.49142857142857;\"><span style=\"font-family: 'Crimson Text','Rosario','Times New Roman'; font-size: 1.357em;\">&#8211; Conductor profesional<\/span><\/p>\n<p style=\"margin: 0.14em 0em 0em 0.57em; line-height: 1.49142857142857;\"><span style=\"font-family: 'Crimson Text','Rosario','Times New Roman'; font-size: 1.357em;\">&#8211; Aire acondicionado 4\u00d74<\/span><\/p>\n<p style=\"margin: 0.14em 0em 0em 0.57em; line-height: 1.49142857142857;\"><span style=\"font-family: 'Crimson Text','Rosario','Times New Roman'; font-size: 1.357em;\">\u2013 Gasolina<\/span><\/p>\n<p style=\"margin: 0.14em 0em 0em 0.57em; line-height: 1.49142857142857;\"><span style=\"font-family: 'Crimson Text','Rosario','Times New Roman'; font-size: 1.357em;\">\u2013 Gu\u00eda de ruta<\/span><\/p>\n<p style=\"margin: 0.14em 0em 0em 0.57em; line-height: 1.49142857142857;\"><span style=\"font-family: 'Crimson Text','Rosario','Times New Roman'; font-size: 1.357em;\">\u2013 Berber Camp (Alojamiento, Cena, Desayuno)<\/span><\/p>\n<p style=\"margin: 0.14em 0em 0em 0.57em; line-height: 1.49142857142857;\"><span style=\"font-family: 'Crimson Text','Rosario','Times New Roman'; font-size: 1.357em;\">\u2013 Paseos en camello <\/span><\/p>\n<p style=\"margin: 0.14em 0em 0em 0.57em; line-height: 1.49142857142857;\"><span style=\"font-family: 'Crimson Text','Rosario','Times New Roman'; font-weight: bold; font-size: 1.357em; color: rgba(193,134,27,1);\">No incluye:<\/span><\/p>\n<p style=\"margin: 0.14em 0em 0em 0.57em; line-height: 1.49142857142857;\"><span style=\"font-family: 'Crimson Text','Rosario','Times New Roman'; font-size: 1.357em;\">\u2013 Vuelos<\/span><\/p>\n<p style=\"margin: 0.14em 0em 0em 0.57em; line-height: 1.49142857142857;\"><span style=\"font-family: 'Crimson Text','Rosario','Times New Roman'; font-size: 1.357em;\">\u2013 Bebidas<\/span><\/p>\n<p style=\"margin: 0.14em 0em 0em 0.57em; line-height: 1.49142857142857;\"><span style=\"font-family: 'Crimson Text','Rosario','Times New Roman'; font-size: 1.357em;\">\u2013 la comida.<\/span><\/p>\n<\/div>\n<div style=\"height: 0px; width: 0px; overflow: hidden; -webkit-margin-top-collapse: separate;\"><\/div>\n<div style=\"clear: both;\"><\/div>\n<\/div>\n<\/div>\n<div class=\" visible-lg-block visible-xs-block\" style=\"clear: both;\"><\/div>\n<\/div>\n<div class=\"ttr_new-page-copy-copy4_html_row1 row\">\n<div class=\"post_column col-lg-3 col-md-6 col-sm-6 col-xs-12\">\n<div class=\"ttr_new-page-copy-copy4_html_column10\">\n<div style=\"height: 0px; width: 0px; overflow: hidden; -webkit-margin-top-collapse: separate;\"><\/div>\n<div class=\"html_content\">\n<p style=\"margin: 0.36em 0em 0.36em 0em; line-height: 1.49142857142857;\"><span class=\"ttr_image\" style=\"float: Left; overflow: hidden; margin: 0.29em 0.29em 0.29em 0.29em; padding: 0em 0em 0em 0em;\"><img class=\"ttr_uniform\" style=\"max-height: 200px; max-width: 355px;\" src=\"http:\/\/www.moroccoexperiencetours.com\/esp\/wp-content\/uploads\/2019\/07\/m4.jpg\" alt=\"Marruecos viajes del desierto\" \/><\/span><\/p>\n<\/div>\n<div style=\"height: 0px; width: 0px; overflow: hidden; -webkit-margin-top-collapse: separate;\"><\/div>\n<div style=\"clear: both;\"><\/div>\n<\/div>\n<\/div>\n<div class=\" visible-xs-block\" style=\"clear: both;\"><\/div>\n<div class=\"post_column col-lg-3 col-md-6 col-sm-6 col-xs-12\">\n<div class=\"ttr_new-page-copy-copy4_html_column11\">\n<div style=\"height: 0px; width: 0px; overflow: hidden; -webkit-margin-top-collapse: separate;\"><\/div>\n<div class=\"html_content\">\n<p style=\"margin: 0.36em 0em 0.36em 0em; line-height: 1.49142857142857;\"><span class=\"ttr_image\" style=\"float: Left; overflow: hidden; margin: 0.29em 0.29em 0.29em 0.29em; padding: 0em 0em 0em 0em;\"><img class=\"ttr_uniform\" style=\"max-height: 200px; max-width: 355px;\" src=\"http:\/\/www.moroccoexperiencetours.com\/esp\/wp-content\/uploads\/2019\/07\/2.jpg\" alt=\"8 d\u00edas Viaje Marrakech al S\u00e1hara de Marruecos\" \/><\/span><\/p>\n<\/div>\n<div style=\"height: 0px; width: 0px; overflow: hidden; -webkit-margin-top-collapse: separate;\"><\/div>\n<div style=\"clear: both;\"><\/div>\n<\/div>\n<\/div>\n<div class=\" visible-sm-block visible-md-block visible-xs-block\" style=\"clear: both;\"><\/div>\n<div class=\"post_column col-lg-3 col-md-6 col-sm-6 col-xs-12\">\n<div class=\"ttr_new-page-copy-copy4_html_column12\">\n<div style=\"height: 0px; width: 0px; overflow: hidden; -webkit-margin-top-collapse: separate;\"><\/div>\n<div class=\"html_content\">\n<p style=\"margin: 0.36em 0em 0.36em 0em; line-height: 1.49142857142857;\"><span class=\"ttr_image\" style=\"float: Left; overflow: hidden; margin: 0.29em 0.29em 0.29em 0.29em; padding: 0em 0em 0em 0em;\"><img class=\"ttr_uniform\" style=\"max-height: 200px; max-width: 355px;\" src=\"http:\/\/www.moroccoexperiencetours.com\/esp\/wp-content\/uploads\/2019\/07\/d1.jpg\" alt=\"tours de Marrakech\" \/><\/span><\/p>\n<\/div>\n<div style=\"height: 0px; width: 0px; overflow: hidden; -webkit-margin-top-collapse: separate;\"><\/div>\n<div style=\"clear: both;\"><\/div>\n<\/div>\n<\/div>\n<div class=\" visible-xs-block\" style=\"clear: both;\"><\/div>\n<div class=\"post_column col-lg-3 col-md-6 col-sm-6 col-xs-12\">\n<div class=\"ttr_new-page-copy-copy4_html_column13\">\n<div style=\"height: 0px; width: 0px; overflow: hidden; -webkit-margin-top-collapse: separate;\"><\/div>\n<div class=\"html_content\">\n<p style=\"margin: 0.36em 0em 0.36em 0em; line-height: 1.49142857142857;\"><span class=\"ttr_image\" style=\"float: Left; overflow: hidden; margin: 0.29em 0.29em 0.29em 0.29em; padding: 0em 0em 0em 0em;\"><img class=\"ttr_uniform\" style=\"max-height: 200px; max-width: 355px;\" src=\"http:\/\/www.moroccoexperiencetours.com\/esp\/wp-content\/uploads\/2019\/07\/d2.jpg\" alt=\"Rutas del desierto\" \/><\/span><\/p>\n<\/div>\n<div style=\"height: 0px; width: 0px; overflow: hidden; -webkit-margin-top-collapse: separate;\"><\/div>\n<div style=\"clear: both;\"><\/div>\n<\/div>\n<\/div>\n<div class=\" visible-lg-block visible-sm-block visible-md-block visible-xs-block\" style=\"clear: both;\"><\/div>\n<\/div>\n","protected":false},"excerpt":{"rendered":"<p>8 d\u00edas Viaje Marrakech al S\u00e1hara de Marruecos D\u00eda 1 : Llegada A Marrakech El gu\u00eda acompa\u00f1ante de Morocco Experience Tours lo estar\u00e1 esperando en el aeropuerto Menara de Marrakech para trasladalo a su alojamiento. En funci\u00f3n de la hora &hellip;<\/p>\n<p><a href=\"http:\/\/www.moroccoexperiencetours.com\/esp\/8-dias-viaje-marrakech-al-sahara-de-marruecos\/\">Continue Reading<span class=\"meta-nav\">&rarr;<\/span><\/a><\/p>\n","protected":false},"author":1,"featured_media":0,"parent":0,"menu_order":12,"comment_status":"closed","ping_status":"closed","template":"page-templates\/new-page-copy-copy4_page.php","meta":[],"_links":{"self":[{"href":"http:\/\/www.moroccoexperiencetours.com\/esp\/wp-json\/wp\/v2\/pages\/128"}],"collection":[{"href":"http:\/\/www.moroccoexperiencetours.com\/esp\/wp-json\/wp\/v2\/pages"}],"about":[{"href":"http:\/\/www.moroccoexperiencetours.com\/esp\/wp-json\/wp\/v2\/types\/page"}],"author":[{"embeddable":true,"href":"http:\/\/www.moroccoexperiencetours.com\/esp\/wp-json\/wp\/v2\/users\/1"}],"replies":[{"embeddable":true,"href":"http:\/\/www.moroccoexperiencetours.com\/esp\/wp-json\/wp\/v2\/comments?post=128"}],"version-history":[{"count":4,"href":"http:\/\/www.moroccoexperiencetours.com\/esp\/wp-json\/wp\/v2\/pages\/128\/revisions"}],"predecessor-version":[{"id":450,"href":"http:\/\/www.moroccoexperiencetours.com\/esp\/wp-json\/wp\/v2\/pages\/128\/revisions\/450"}],"wp:attachment":[{"href":"http:\/\/www.moroccoexperiencetours.com\/esp\/wp-json\/wp\/v2\/media?parent=128"}],"curies":[{"name":"wp","href":"https:\/\/api.w.org\/{rel}","templated":true}]}}