{"id":131,"date":"2019-07-07T18:44:39","date_gmt":"2019-07-07T18:44:39","guid":{"rendered":"http:\/\/www.moroccoexperiencetours.com\/esp\/new-page-copy-copy7\/"},"modified":"2019-09-15T22:33:30","modified_gmt":"2019-09-15T22:33:30","slug":"4-dias-tour-de-fez-a-marrakech","status":"publish","type":"page","link":"http:\/\/www.moroccoexperiencetours.com\/esp\/4-dias-tour-de-fez-a-marrakech\/","title":{"rendered":"4 d\u00edas tour de Fez a Marrakech"},"content":{"rendered":"<div class=\"ttr_new-page-copy-copy7_html_row0 row\">\n<div class=\"post_column col-lg-12 col-md-6 col-sm-6 col-xs-12\">\n<div class=\"ttr_new-page-copy-copy7_html_column00\">\n<div style=\"height: 0px; width: 0px; overflow: hidden; -webkit-margin-top-collapse: separate;\"><\/div>\n<div class=\"html_content\">\n<h2><span style=\"color: #ffffff; font-size: 8pt;\">4 d\u00edas tour de Fez a Marrakech<\/span><\/h2>\n<p style=\"margin: 0.14em 0em 0em 0.57em; line-height: 1.49142857142857;\"><span style=\"font-family: 'Crimson Text','Rosario','Times New Roman'; font-weight: bold; font-size: 1.357em; color: rgba(206,152,52,1);\">Dia 1 : Fez \u2013 Ifrane \u2013 Bosque de los monos \u2013 Medio Atlas \u2013 Valle de Ziz \u2013 Desierto<\/span><\/p>\n<p style=\"margin: 0.14em 0em 0em 0.57em; line-height: 1.49142857142857;\"><span style=\"font-family: 'Crimson Text','Rosario','Times New Roman'; font-size: 1.357em;\">Recogida en el hotel o Riad donde est\u00e9n alojados , salimos direcci\u00f3n sur para cruzar las Monta\u00f1as del Medio Atlas hasta llegar a Ifrane \u2018\u2019 la peque\u00f1a Suiza Marroqu\u00ed \u2018\u2019por su gran parecido a ese pa\u00eds. De los animales que antiguamente habitaba aqu\u00ed era el le\u00f3n del Atlas, por lo que ha pasado a convertirse en el s\u00edmbolo de la ciudad y al que le han dedicado una estatua de piedra en el centro de la misma,aprovecharemos para hacer algunas fotos. Cruzaremos los famosos bosques de cedros ,tambi\u00e9n darle de comer a los cientos de monos de Gibraltar que habitan en la zona. Almuerzo en Midalet y por la tarde pasaremos por el Valle de Ziz con de 20km de palmeral y 10 millones de palmeras lo convierte en uno de los m\u00e1s grandes del mundo. Llegada a Merzouga y t\u00e9 de hospitalidad en el Hotel, despu\u00e9s disfrutar de nuestro primer contacto con el desierto, subi\u00e9ndonos a las dunas m\u00e1s cercanas y relajarnos con una espectacular puesta de sol. Cena y alojamiento en hotel.<\/span><\/p>\n<h2><span style=\"color: #ffffff; font-size: 8pt;\">4 d\u00edas tour de Fez a Marrakech<\/span><\/h2>\n<p style=\"margin: 0.14em 0em 0em 0.57em; line-height: 1.49142857142857;\"><span style=\"font-family: 'Crimson Text','Rosario','Times New Roman'; font-weight: bold; font-size: 1.357em; color: rgba(206,152,52,1);\">D\u00eda 2 : Desierto de Merzouga \u2013 Familias N\u00f3madas \u2013 Khamlia \u2013 Noche en Haimas N\u00f3madas<\/span><\/p>\n<p style=\"margin: 0.14em 0em 0em 0.57em; line-height: 1.49142857142857;\"><span style=\"font-family: 'Crimson Text','Rosario','Times New Roman'; font-size: 1.357em;\">Hoy sera un d\u00eda de Desierto Total. Despu\u00e9s del rico desayuno, rodearemos el desierto Erg Chebbi, conectaremos por pista con parte de la ruta seguida por el antiguo Par\u00eds-Dakar y con las monta\u00f1as que limitan con Argelia de fondo. Parada en el oasis de Tissardmin donde podemos encontrar carrera de Fossiles que todav\u00eda se encuentra en esta regi\u00f3n y seguiremos hacia un asentamiento n\u00f3mada donde conoceremos algunos de los secretos de su vida y costumbres . Llegaremos al pueblo de Khamlia, originario de Mali, donde nos relajaremos con un t\u00e9 mientras disfrutamos de un peque\u00f1o concierto de m\u00fasica espiritual de Gnawa. Regreso al Hotel para salir en una caravana de dromedarios para entrar en el coraz\u00f3n de las dunas y disfrutar de la puesta de sol inolvidable. Llegaremos con los dromedarios al campamento donde nos alojaremos en Jaimas bereberes .Cena y noche en campamento en el coraz\u00f3n del desierto bajo un espectacular cielo estrellado.<\/span><\/p>\n<h2><span style=\"color: #ffffff; font-size: 8pt;\">viajes de Marruecos<\/span><\/h2>\n<p style=\"margin: 0.14em 0em 0em 0.57em; line-height: 1.49142857142857;\"><span style=\"font-family: 'Crimson Text','Rosario','Times New Roman'; font-weight: bold; font-size: 1.357em; color: rgba(206,152,52,1);\">D\u00eda 3 : Desierto de Merzouga \u2013 Mercado de Rissani \u2013 Gargantas del Todra \u2013 Valle del Dades.<\/span><\/p>\n<p style=\"margin: 0.14em 0em 0em 0.57em; line-height: 1.49142857142857;\"><span style=\"font-family: 'Crimson Text','Rosario','Times New Roman'; font-size: 1.357em;\">Salimos hacia Rissani, Visita de su mercado y luego salimos para Erfoud donde visitaremos la f\u00e1brica de m\u00e1rmol fosilizado antes de continuar hacia los palmerales de Touroug y Tinjdad. Llegaremos a uno de los puntos fuertes del Sur : Las Gargantas del Todra,el para\u00edso de los escaladores y un lugar \u00fanico. Almuerzo en el sitio y un paseo de media hora para ver con tranquilidad las Gargantas, Por la tarde continuamos hacia el Vall\u00e9 del dad\u00e8s pasando por Boumalne. Cena y noche en las Gargantas del Dades.<\/span><\/p>\n<h2><span style=\"color: #ffffff; font-size: 8pt;\">tour desde Fez<\/span><\/h2>\n<p style=\"margin: 0.14em 0em 0em 0.57em; line-height: 1.49142857142857;\"><span style=\"font-family: 'Crimson Text','Rosario','Times New Roman'; font-weight: bold; font-size: 1.357em; color: rgba(206,152,52,1);\">D\u00eda 4 : Valle del Dad\u00e9s \u2013 Ouarzazate \u2013 Kasbah de Ait Ben Haddou \u2013 Alto Atlas \u2013 Marrakech<\/span><\/p>\n<p style=\"margin: 0.14em 0em 0em 0.57em; line-height: 1.49142857142857;\"><span style=\"font-family: 'Crimson Text','Rosario','Times New Roman'; font-size: 1.357em;\">Despues del desayuno salimos por una carretera salpicada de las mil Kasbah como Valle de las Rosas, El gran palmeral de Skoura, Llegada a Ouarzazate visita a la kasbah de Taourirt que fuera antigua residencia del Glaoui o pach\u00e1 de Marrakech ,almuerzamos en el sitio y salimos hacia Marrakech pasando por las monta\u00f1as del alto atlas con paradas para hacer fotos. Llegada a Marrakech sobre las 17h, Traslado al Hotel y fin del viaje.<\/span><\/p>\n<h2><span style=\"color: #ffffff; font-size: 8pt;\">Marruecos viajes de Fez<\/span><\/h2>\n<p style=\"margin: 0.14em 0em 0em 0.57em; line-height: 1.49142857142857;\"><span style=\"font-family: 'Crimson Text','Rosario','Times New Roman'; font-size: 1.357em;\">Por favor\u00a0<\/span><a class=\"tt_link\" href=\"http:\/\/www.moroccoexperiencetours.com\/esp\/contactenos\/\" target=\"_self\" rel=\"noopener noreferrer\"><span style=\"font-family: 'Crimson Text','Rosario','Times New Roman'; font-size: 1.357em; color: rgba(0,0,255,1);\">cont\u00e1ctenos<\/span><\/a><span style=\"font-family: 'Crimson Text','Rosario','Times New Roman'; font-size: 1.357em;\"> por el precio. Gracias.<\/span><\/p>\n<h2><span style=\"color: #ffffff; font-size: 8pt;\">tours desde Fez<\/span><\/h2>\n<p style=\"margin: 0.14em 0em 0em 0.57em; line-height: 1.49142857142857;\"><span style=\"font-family: 'Crimson Text','Rosario','Times New Roman'; font-weight: bold; font-size: 1.357em; color: rgba(193,134,27,1);\">Incluye lista:<\/span><\/p>\n<p style=\"margin: 0.14em 0em 0em 0.57em; line-height: 1.49142857142857;\"><span style=\"font-family: 'Crimson Text','Rosario','Times New Roman'; font-size: 1.357em;\">&#8211; Conductor profesional<\/span><\/p>\n<p style=\"margin: 0.14em 0em 0em 0.57em; line-height: 1.49142857142857;\"><span style=\"font-family: 'Crimson Text','Rosario','Times New Roman'; font-size: 1.357em;\">&#8211; Aire acondicionado 4\u00d74<\/span><\/p>\n<p style=\"margin: 0.14em 0em 0em 0.57em; line-height: 1.49142857142857;\"><span style=\"font-family: 'Crimson Text','Rosario','Times New Roman'; font-size: 1.357em;\">\u2013 Gasolina<\/span><\/p>\n<p style=\"margin: 0.14em 0em 0em 0.57em; line-height: 1.49142857142857;\"><span style=\"font-family: 'Crimson Text','Rosario','Times New Roman'; font-size: 1.357em;\">\u2013 Gu\u00eda de ruta<\/span><\/p>\n<p style=\"margin: 0.14em 0em 0em 0.57em; line-height: 1.49142857142857;\"><span style=\"font-family: 'Crimson Text','Rosario','Times New Roman'; font-size: 1.357em;\">\u2013 Berber Camp (Alojamiento, Cena, Desayuno)<\/span><\/p>\n<p style=\"margin: 0.14em 0em 0em 0.57em; line-height: 1.49142857142857;\"><span style=\"font-family: 'Crimson Text','Rosario','Times New Roman'; font-size: 1.357em;\">\u2013 Paseos en camello <\/span><\/p>\n<h2><span style=\"color: #ffffff; font-size: 8pt;\">Fez Marrakech viajes del desierto<\/span><\/h2>\n<p style=\"margin: 0.14em 0em 0em 0.57em; line-height: 1.49142857142857;\"><span style=\"font-family: 'Crimson Text','Rosario','Times New Roman'; font-weight: bold; font-size: 1.357em; color: rgba(193,134,27,1);\">No incluye:<\/span><\/p>\n<p style=\"margin: 0.14em 0em 0em 0.57em; line-height: 1.49142857142857;\"><span style=\"font-family: 'Crimson Text','Rosario','Times New Roman'; font-size: 1.357em;\">\u2013 Vuelos<\/span><\/p>\n<p style=\"margin: 0.14em 0em 0em 0.57em; line-height: 1.49142857142857;\"><span style=\"font-family: 'Crimson Text','Rosario','Times New Roman'; font-size: 1.357em;\">\u2013 Bebidas<\/span><\/p>\n<p style=\"margin: 0.14em 0em 0em 0.57em; line-height: 1.49142857142857;\"><span style=\"font-family: 'Crimson Text','Rosario','Times New Roman'; font-size: 1.357em;\">\u2013 la comida.<\/span><\/p>\n<h2><span style=\"color: #ffffff; font-size: 8pt;\">tour al desierto<\/span><\/h2>\n<\/div>\n<div style=\"height: 0px; width: 0px; overflow: hidden; -webkit-margin-top-collapse: separate;\"><\/div>\n<div style=\"clear: both;\"><\/div>\n<\/div>\n<\/div>\n<div class=\" visible-lg-block visible-xs-block\" style=\"clear: both;\"><\/div>\n<\/div>\n<div class=\"ttr_new-page-copy-copy7_html_row1 row\">\n<div class=\"post_column col-lg-3 col-md-6 col-sm-6 col-xs-12\">\n<div class=\"ttr_new-page-copy-copy7_html_column10\">\n<div style=\"height: 0px; width: 0px; overflow: hidden; -webkit-margin-top-collapse: separate;\"><\/div>\n<div class=\"html_content\">\n<p style=\"margin: 0.36em 0em 0.36em 0em; line-height: 1.49142857142857;\"><span class=\"ttr_image\" style=\"float: Left; overflow: hidden; margin: 0.29em 0.29em 0.29em 0.29em; padding: 0em 0em 0em 0em;\"><img class=\"ttr_uniform\" style=\"max-height: 200px; max-width: 355px;\" src=\"http:\/\/www.moroccoexperiencetours.com\/esp\/wp-content\/uploads\/2019\/07\/f3.jpg\" alt=\"4 d\u00edas tour de Fez a Marrakech\" \/><\/span><\/p>\n<\/div>\n<div style=\"height: 0px; width: 0px; overflow: hidden; -webkit-margin-top-collapse: separate;\"><\/div>\n<div style=\"clear: both;\"><\/div>\n<\/div>\n<\/div>\n<div class=\" visible-xs-block\" style=\"clear: both;\"><\/div>\n<div class=\"post_column col-lg-3 col-md-6 col-sm-6 col-xs-12\">\n<div class=\"ttr_new-page-copy-copy7_html_column11\">\n<div style=\"height: 0px; width: 0px; overflow: hidden; -webkit-margin-top-collapse: separate;\"><\/div>\n<div class=\"html_content\">\n<p style=\"margin: 0.36em 0em 0.36em 0em; line-height: 1.49142857142857;\"><span class=\"ttr_image\" style=\"float: Left; overflow: hidden; margin: 0.29em 0.29em 0.29em 0.29em; padding: 0em 0em 0em 0em;\"><img class=\"ttr_uniform\" style=\"max-height: 200px; max-width: 355px;\" src=\"http:\/\/www.moroccoexperiencetours.com\/esp\/wp-content\/uploads\/2019\/07\/d1.jpg\" alt=\"viajes de Marruecos\" \/><\/span><\/p>\n<\/div>\n<div style=\"height: 0px; width: 0px; overflow: hidden; -webkit-margin-top-collapse: separate;\"><\/div>\n<div style=\"clear: both;\"><\/div>\n<\/div>\n<\/div>\n<div class=\" visible-sm-block visible-md-block visible-xs-block\" style=\"clear: both;\"><\/div>\n<div class=\"post_column col-lg-3 col-md-6 col-sm-6 col-xs-12\">\n<div class=\"ttr_new-page-copy-copy7_html_column12\">\n<div style=\"height: 0px; width: 0px; overflow: hidden; -webkit-margin-top-collapse: separate;\"><\/div>\n<div class=\"html_content\">\n<p style=\"margin: 0.36em 0em 0.36em 0em; line-height: 1.49142857142857;\"><span class=\"ttr_image\" style=\"float: Left; overflow: hidden; margin: 0.29em 0.29em 0.29em 0.29em; padding: 0em 0em 0em 0em;\"><img class=\"ttr_uniform\" style=\"max-height: 200px; max-width: 355px;\" src=\"http:\/\/www.moroccoexperiencetours.com\/esp\/wp-content\/uploads\/2019\/07\/d2.jpg\" alt=\"Tour desde Fez\" \/><\/span><\/p>\n<\/div>\n<div style=\"height: 0px; width: 0px; overflow: hidden; -webkit-margin-top-collapse: separate;\"><\/div>\n<div style=\"clear: both;\"><\/div>\n<\/div>\n<\/div>\n<div class=\" visible-xs-block\" style=\"clear: both;\"><\/div>\n<div class=\"post_column col-lg-3 col-md-6 col-sm-6 col-xs-12\">\n<div class=\"ttr_new-page-copy-copy7_html_column13\">\n<div style=\"height: 0px; width: 0px; overflow: hidden; -webkit-margin-top-collapse: separate;\"><\/div>\n<div class=\"html_content\">\n<p style=\"margin: 0.36em 0em 0.36em 0em; line-height: 1.49142857142857;\"><span class=\"ttr_image\" style=\"float: Left; overflow: hidden; margin: 0.29em 0.29em 0.29em 0.29em; padding: 0em 0em 0em 0em;\"><img class=\"ttr_uniform\" style=\"max-height: 200px; max-width: 355px;\" src=\"http:\/\/www.moroccoexperiencetours.com\/esp\/wp-content\/uploads\/2019\/07\/f2.jpg\" alt=\"Marruecos viajes de Fez\" \/><\/span><\/p>\n<\/div>\n<div style=\"height: 0px; width: 0px; overflow: hidden; -webkit-margin-top-collapse: separate;\"><\/div>\n<div style=\"clear: both;\"><\/div>\n<\/div>\n<\/div>\n<div class=\" visible-lg-block visible-sm-block visible-md-block visible-xs-block\" style=\"clear: both;\"><\/div>\n<\/div>\n","protected":false},"excerpt":{"rendered":"<p>4 d\u00edas tour de Fez a Marrakech Dia 1 : Fez \u2013 Ifrane \u2013 Bosque de los monos \u2013 Medio Atlas \u2013 Valle de Ziz \u2013 Desierto Recogida en el hotel o Riad donde est\u00e9n alojados , salimos direcci\u00f3n sur &hellip;<\/p>\n<p><a href=\"http:\/\/www.moroccoexperiencetours.com\/esp\/4-dias-tour-de-fez-a-marrakech\/\">Continue Reading<span class=\"meta-nav\">&rarr;<\/span><\/a><\/p>\n","protected":false},"author":1,"featured_media":0,"parent":0,"menu_order":15,"comment_status":"closed","ping_status":"closed","template":"page-templates\/new-page-copy-copy7_page.php","meta":[],"_links":{"self":[{"href":"http:\/\/www.moroccoexperiencetours.com\/esp\/wp-json\/wp\/v2\/pages\/131"}],"collection":[{"href":"http:\/\/www.moroccoexperiencetours.com\/esp\/wp-json\/wp\/v2\/pages"}],"about":[{"href":"http:\/\/www.moroccoexperiencetours.com\/esp\/wp-json\/wp\/v2\/types\/page"}],"author":[{"embeddable":true,"href":"http:\/\/www.moroccoexperiencetours.com\/esp\/wp-json\/wp\/v2\/users\/1"}],"replies":[{"embeddable":true,"href":"http:\/\/www.moroccoexperiencetours.com\/esp\/wp-json\/wp\/v2\/comments?post=131"}],"version-history":[{"count":4,"href":"http:\/\/www.moroccoexperiencetours.com\/esp\/wp-json\/wp\/v2\/pages\/131\/revisions"}],"predecessor-version":[{"id":461,"href":"http:\/\/www.moroccoexperiencetours.com\/esp\/wp-json\/wp\/v2\/pages\/131\/revisions\/461"}],"wp:attachment":[{"href":"http:\/\/www.moroccoexperiencetours.com\/esp\/wp-json\/wp\/v2\/media?parent=131"}],"curies":[{"name":"wp","href":"https:\/\/api.w.org\/{rel}","templated":true}]}}