{"id":135,"date":"2019-07-07T18:44:39","date_gmt":"2019-07-07T18:44:39","guid":{"rendered":"http:\/\/www.moroccoexperiencetours.com\/esp\/new-page-copy-copy11\/"},"modified":"2019-08-10T22:57:17","modified_gmt":"2019-08-10T22:57:17","slug":"11-dias-casablanca-viaje-al-sur-de-marruecos","status":"publish","type":"page","link":"http:\/\/www.moroccoexperiencetours.com\/esp\/11-dias-casablanca-viaje-al-sur-de-marruecos\/","title":{"rendered":"11 d\u00edas Casablanca Viaje Al Sur de Marruecos"},"content":{"rendered":"<div class=\"ttr_new-page-copy-copy11_html_row0 row\">\n<div class=\"post_column col-lg-12 col-md-6 col-sm-6 col-xs-12\">\n<div class=\"ttr_new-page-copy-copy11_html_column00\">\n<div style=\"height: 0px; width: 0px; overflow: hidden; -webkit-margin-top-collapse: separate;\"><\/div>\n<div class=\"html_content\">\n<h2><span style=\"color: #ffffff; font-size: 8pt;\">11 d\u00edas Casablanca Viaje Al sur de Marruecos<\/span><\/h2>\n<p style=\"margin: 0.14em 0em 0em 0.57em; line-height: 1.49142857142857;\"><span style=\"font-family: 'Crimson Text','Rosario','Times New Roman'; font-weight: bold; font-size: 1.357em; color: rgba(206,152,52,1);\">D\u00eda 1: Casablanca &#8211; Rabat.<\/span><\/p>\n<p style=\"margin: 0.14em 0em 0em 0.57em; line-height: 1.49142857142857;\"><span style=\"font-family: 'Crimson Text','Rosario','Times New Roman'; font-size: 1.357em;\">Tan pronto como llegue a Casablanca. La capital econ\u00f3mica de Marruecos, ser\u00e1 recibido y asistido en el aeropuerto y conducido a su hotel en Rabat, donde se registrar\u00e1 y se relajar\u00e1 por la tarde. Dependiendo del tiempo, puede elegir visitar la Medina. (ciudad vieja), donde encontrar\u00e1 edificios de piedra y encalados, puertas con tachas de madera oscura, la Gran Mezquita, totalmente reconstruida a finales del siglo XIX; la Torre Hassan, que domina el horizonte con su intrincada mamposter\u00eda; el mausoleo Mohamed V que alberga la tumba de \u00f3nix del difunto rey; y las murallas de Mechouar que rodean el Palacio Real y regresan por la noche a un hotel.<\/span><\/p>\n<h2><span style=\"color: #ffffff; font-size: 8pt;\">11 d\u00edas Casablanca Viaje Al sur de Marruecos<\/span><\/h2>\n<p style=\"margin: 0.14em 0em 0em 0.57em; line-height: 1.49142857142857;\"><span style=\"font-family: 'Crimson Text','Rosario','Times New Roman'; font-weight: bold; font-size: 1.357em; color: rgba(206,152,52,1);\">D\u00edas 2-3: Rabat &#8211; Meknes &#8211; Volubilis &#8211; Moulay Idriss &#8211; Fez<\/span><\/p>\n<p style=\"margin: 0.14em 0em 0em 0.57em; line-height: 1.49142857142857;\"><span style=\"font-family: 'Crimson Text','Rosario','Times New Roman'; font-size: 1.357em;\">Salida por la ma\u00f1ana hacia Meknes, la ciudad imperial del sult\u00e1n Moulay Ismail, que incluye visitas a su Medina, o ciudad antigua, y Bab El Mansour, la puerta monumental y la entrada principal a esta ciudad del siglo XVII. Al d\u00eda siguiente, det\u00e9ngase en las ruinas romanas de Volubilis, el mejor sitio arqueol\u00f3gico de Marruecos con sus mosaicos, templos y arco de triunfo, en su camino hacia el pueblo de Moulay Idress. Que es el santo fundador del primer reino ind\u00edgena isl\u00e1mico de Marruecos. Contin\u00fae hasta Fes para registrarse en su hotel.<\/span><\/p>\n<h2><span style=\"color: #ffffff; font-size: 8pt;\">11 d\u00edas Casablanca Viaje Al sur de Marruecos<\/span><\/h2>\n<p style=\"margin: 0.14em 0em 0em 0.57em; line-height: 1.49142857142857;\"><span style=\"font-family: 'Crimson Text','Rosario','Times New Roman'; font-weight: bold; font-size: 1.357em; color: rgba(206,152,52,1);\">D\u00eda 4: Fez &#8211; Visita guiada.<\/span><\/p>\n<p style=\"margin: 0.14em 0em 0em 0.57em; line-height: 1.49142857142857;\"><span style=\"font-family: 'Crimson Text','Rosario','Times New Roman'; font-size: 1.357em;\">Todo el d\u00eda de turismo en Fes, la m\u00e1s antigua de las ciudades imperiales, fundada en 790 d. C. Visita la medina medieval; la mezquita Karaouiyne, cuyo pasillo central est\u00e1 adornado con un elaborado estampado floral y c\u00fafico tallado en el yeso; y la colorida fuente de Nejjarine de azulejos. No te pierdas las fascinantes universidades isl\u00e1micas, incluidas Abou Anania y Attarine. Finalmente, navegue por los zocos (mercados) de Fez, los m\u00e1s fascinantes de todo Marruecos.<\/span><\/p>\n<h2><span style=\"color: #ffffff; font-size: 8pt;\">11 d\u00edas Casablanca Viaje Al sur de Marruecos<\/span><\/h2>\n<p style=\"margin: 0.14em 0em 0em 0.57em; line-height: 1.49142857142857;\"><span style=\"font-family: 'Crimson Text','Rosario','Times New Roman'; font-weight: bold; font-size: 1.357em; color: rgba(206,152,52,1);\">D\u00eda 5: Fez<\/span><\/p>\n<p style=\"margin: 0.14em 0em 0em 0.57em; line-height: 1.49142857142857;\"><span style=\"font-family: 'Crimson Text','Rosario','Times New Roman'; font-size: 1.357em;\">Una ciudadela de magnificencia. Esta antigua ciudad es irresistible, ya que se desarrolla en cada callej\u00f3n estrecho, calle ancha, medina antigua o nueva, casas palaciegas o laderas de la historia de un tesoro de civilizaci\u00f3n, similar a Florencia o Atenas. Desde ser la primera capital de Marruecos en 808 dC hasta convertirse en la Imperial de todas las ciudades imperiales, Fes es un centro espiritual y cultural con muchas facetas. Su estad\u00eda de dos d\u00edas en este esplendor incomparable lo llevar\u00e1 atr\u00e1s en el tiempo e incluir\u00e1 la visita a la universidad m\u00e1s antigua del mundo (antes de Oxford o la Sorbona).<\/span><\/p>\n<h2><span style=\"color: #ffffff; font-size: 8pt;\">viajes de Marruecos<\/span><\/h2>\n<p style=\"margin: 0.14em 0em 0em 0.57em; line-height: 1.49142857142857;\"><span style=\"font-family: 'Crimson Text','Rosario','Times New Roman'; font-weight: bold; font-size: 1.357em; color: rgba(206,152,52,1);\">D\u00eda 6: Fez &#8211; Atlas &#8211; Midelt &#8211; Erfoud &#8211; Merzouga<\/span><\/p>\n<p style=\"margin: 0.14em 0em 0em 0.57em; line-height: 1.49142857142857;\"><span style=\"font-family: 'Crimson Text','Rosario','Times New Roman'; font-size: 1.357em;\">Salida por la ma\u00f1ana desde Fes a Midelt con vistas espectaculares de las monta\u00f1as del Alto Atlas y la moderna y urbana Errachidia de camino a Erfoud para el check-in de la tarde en su hotel. El resto de tu d\u00eda es gratis. O si lo prefieres, vive una noche como los beduinos, en una tienda de campa\u00f1a en las dunas de Merzouga, con miles de estrellas que llenan el cielo.<\/span><\/p>\n<h2><span style=\"color: #ffffff; font-size: 8pt;\">tours del Desierto<\/span><\/h2>\n<p style=\"margin: 0.14em 0em 0em 0.57em; line-height: 1.49142857142857;\"><span style=\"font-family: 'Crimson Text','Rosario','Times New Roman'; font-weight: bold; font-size: 1.357em; color: rgba(206,152,52,1);\">D\u00eda 7: Merzouga &#8211; Erfoud &#8211; Tineghir &#8211; Boumalne &#8211; Ouarzazate<\/span><\/p>\n<p style=\"margin: 0.14em 0em 0em 0.57em; line-height: 1.49142857142857;\"><span style=\"font-family: 'Crimson Text','Rosario','Times New Roman'; font-size: 1.357em;\">Nos despertamos antes del amanecer para ver y tomar algunas fotos de la magia incomparable de un amanecer del desierto sobre las dunas de Merzouga. La ma\u00f1ana de turismo en Erfoud incluye la cima de la colina Bordj East Fort para una vista panor\u00e1mica de la ciudad y el vasto Sahara. Salga de Erfoud para hacer una parada en Tineghir para ver la espectacular Garganta rosada de Todra, el &#8220;Gran Ca\u00f1\u00f3n&#8221; de Marruecos, y en Kelaat M\u2019Gouna y Boumalne, perfumadas con rosas. Llegada por la noche a Ouarzazate, puerta de entrada al Sahara. Check-in en su hotel.<\/span><\/p>\n<h2><span style=\"color: #ffffff; font-size: 8pt;\">Rutas de Casablanca<\/span><\/h2>\n<p style=\"margin: 0.14em 0em 0em 0.57em; line-height: 1.49142857142857;\"><span style=\"font-family: 'Crimson Text','Rosario','Times New Roman'; font-weight: bold; font-size: 1.357em; color: rgba(206,152,52,1);\">D\u00eda 8: Ouarzazate &#8211; Marrakech<\/span><\/p>\n<p style=\"margin: 0.14em 0em 0em 0.57em; line-height: 1.49142857142857;\"><span style=\"font-family: 'Crimson Text','Rosario','Times New Roman'; font-size: 1.357em;\">Ma\u00f1ana de turismo en Ouarzazate, que incluye una visita a la Kasbah de Tifoultoute, luego a la Escuela de Artesan\u00eda, con sus tallas de piedra, cer\u00e1mica, alfombras y joyas de plata en exhibici\u00f3n. Antes de continuar hacia su hotel en Marrakech, nos detendremos en el camino hacia Ait Benhaddou Kasbah, una pintoresca Kasbah (fortaleza fortificada), que aparece como un castillo de arena en medio de un campo de almendros.<\/span><\/p>\n<h2><span style=\"color: #ffffff; font-size: 8pt;\">Rutas de Casablanca<\/span><\/h2>\n<p style=\"margin: 0.14em 0em 0em 0.57em; line-height: 1.49142857142857;\"><span style=\"font-family: 'Crimson Text','Rosario','Times New Roman'; font-weight: bold; font-size: 1.357em; color: rgba(206,152,52,1);\">D\u00eda 9: Marrakech<\/span><\/p>\n<p style=\"margin: 0.14em 0em 0em 0.57em; line-height: 1.49142857142857;\"><span style=\"font-family: 'Crimson Text','Rosario','Times New Roman'; font-size: 1.357em;\">Todo el d\u00eda haciendo turismo en la fascinante y hermosa Marrakech, una ciudad que combina las tradiciones bereberes con el renacimiento \u00e1rabe y las influencias occidentales. Encontraremos las tumbas de los reyes Saadien, el Museo Dar Si Said, ubicado en un palacio del siglo XIX, Agdal, los jardines de Menara y la mezquita Koutoubia del siglo XII, que se alza sobre la ciudad. Tambi\u00e9n explore los palacios Bah\u00eda y Bedii, y los barrios de curtidores y tintoreros. La visita a Marrakech se completar\u00e1 despu\u00e9s de una parada en la Plaza Djemma El Fna, hogar de vendedores de especias, cuentacuentos, encantadores de serpientes, comedores de fuego, acr\u00f3batas, m\u00fasicos y m\u00e1s&#8230; Cena y noche en su hotel.<\/span><\/p>\n<h2><span style=\"color: #ffffff; font-size: 8pt;\">Marruecos tour del desierto<\/span><\/h2>\n<p style=\"margin: 0.14em 0em 0em 0.57em; line-height: 1.49142857142857;\"><span style=\"font-family: 'Crimson Text','Rosario','Times New Roman'; font-weight: bold; font-size: 1.357em; color: rgba(206,152,52,1);\">D\u00eda 10: Marrakech &#8211; Essaouira &#8211; Marrakech<\/span><\/p>\n<p style=\"margin: 0.14em 0em 0em 0.57em; line-height: 1.49142857142857;\"><span style=\"font-family: 'Crimson Text','Rosario','Times New Roman'; font-size: 1.357em;\">Despu\u00e9s del desayuno, salida hacia Essaouira. La entrada principal al puerto de esta espl\u00e9ndida ciudad se construy\u00f3 en 1184 y se llam\u00f3 Porte de la Marine, y es una verdadera maravilla arquitect\u00f3nica. Si\u00e9ntese, rel\u00e1jese y deje que la belleza de la bah\u00eda de arena que se extiende hacia el sur de esta encantadora ciudad y las colinas boscosas que dominan el horizonte oriental lo cautive.<br \/>\nRegreso a Marrakech para la cena y la noche en su hotel.\/span><\/p>\n<h2><span style=\"color: #ffffff; font-size: 8pt;\">Marruecos tour del desierto<\/span><\/h2>\n<p style=\"margin: 0.14em 0em 0em 0.57em; line-height: 1.49142857142857;\"><span style=\"font-family: 'Crimson Text','Rosario','Times New Roman'; font-weight: bold; font-size: 1.357em; color: rgba(206,152,52,1);\">D\u00eda 11: Marrakech &#8211; Aeropuerto de Casablanca.<\/span><\/p>\n<p style=\"margin: 0.14em 0em 0em 0.57em; line-height: 1.49142857142857;\"><span style=\"font-family: 'Crimson Text','Rosario','Times New Roman'; font-size: 1.357em;\">Despu\u00e9s del desayuno, lo trasladaremos al aeropuerto para su regreso a casa, con la esperanza de llevar consigo los mejores recuerdos de Marruecos.<br \/>\nPor favor cont\u00e1ctenos por el precio. Gracias.<\/span><\/p>\n<h2><span style=\"color: #ffffff; font-size: 8pt;\">Casablanca viajes Marruecos<\/span><\/h2>\n<p style=\"margin: 0.14em 0em 0em 0.57em; line-height: 1.49142857142857;\"><span style=\"font-family: 'Crimson Text','Rosario','Times New Roman'; font-size: 1.357em;\">Por favor\u00a0<\/span><a class=\"tt_link\" href=\"http:\/\/www.moroccoexperiencetours.com\/esp\/contactenos\/\" target=\"_self\" rel=\"noopener noreferrer\"><span style=\"font-family: 'Crimson Text','Rosario','Times New Roman'; font-size: 1.357em; color: rgba(0,0,255,1);\">cont\u00e1ctenos<\/span><\/a><span style=\"font-family: 'Crimson Text','Rosario','Times New Roman'; font-size: 1.357em;\"> por el precio. Gracias.<\/span><\/p>\n<p style=\"margin: 0.14em 0em 0em 0.57em; line-height: 1.49142857142857;\"><span style=\"font-family: 'Crimson Text','Rosario','Times New Roman'; font-weight: bold; font-size: 1.357em; color: rgba(193,134,27,1);\">Incluye lista:<\/span><\/p>\n<p style=\"margin: 0.14em 0em 0em 0.57em; line-height: 1.49142857142857;\"><span style=\"font-family: 'Crimson Text','Rosario','Times New Roman'; font-size: 1.357em;\">&#8211; Conductor profesional<\/span><\/p>\n<p style=\"margin: 0.14em 0em 0em 0.57em; line-height: 1.49142857142857;\"><span style=\"font-family: 'Crimson Text','Rosario','Times New Roman'; font-size: 1.357em;\">&#8211; Aire acondicionado 4\u00d74<\/span><\/p>\n<p style=\"margin: 0.14em 0em 0em 0.57em; line-height: 1.49142857142857;\"><span style=\"font-family: 'Crimson Text','Rosario','Times New Roman'; font-size: 1.357em;\">\u2013 Gasolina<\/span><\/p>\n<p style=\"margin: 0.14em 0em 0em 0.57em; line-height: 1.49142857142857;\"><span style=\"font-family: 'Crimson Text','Rosario','Times New Roman'; font-size: 1.357em;\">\u2013 Gu\u00eda de ruta<\/span><\/p>\n<p style=\"margin: 0.14em 0em 0em 0.57em; line-height: 1.49142857142857;\"><span style=\"font-family: 'Crimson Text','Rosario','Times New Roman'; font-size: 1.357em;\">\u2013 Berber Camp (Alojamiento, Cena, Desayuno)<\/span><\/p>\n<p style=\"margin: 0.14em 0em 0em 0.57em; line-height: 1.49142857142857;\"><span style=\"font-family: 'Crimson Text','Rosario','Times New Roman'; font-size: 1.357em;\">\u2013 Paseos en camello <\/span><\/p>\n<p style=\"margin: 0.14em 0em 0em 0.57em; line-height: 1.49142857142857;\"><span style=\"font-family: 'Crimson Text','Rosario','Times New Roman'; font-weight: bold; font-size: 1.357em; color: rgba(193,134,27,1);\">No incluye:<\/span><\/p>\n<p style=\"margin: 0.14em 0em 0em 0.57em; line-height: 1.49142857142857;\"><span style=\"font-family: 'Crimson Text','Rosario','Times New Roman'; font-size: 1.357em;\">\u2013 Vuelos<\/span><\/p>\n<p style=\"margin: 0.14em 0em 0em 0.57em; line-height: 1.49142857142857;\"><span style=\"font-family: 'Crimson Text','Rosario','Times New Roman'; font-size: 1.357em;\">\u2013 Bebidas<\/span><\/p>\n<p style=\"margin: 0.14em 0em 0em 0.57em; line-height: 1.49142857142857;\"><span style=\"font-family: 'Crimson Text','Rosario','Times New Roman'; font-size: 1.357em;\">\u2013 la comida.<\/span><\/p>\n<\/div>\n<div style=\"height: 0px; width: 0px; overflow: hidden; -webkit-margin-top-collapse: separate;\"><\/div>\n<div style=\"clear: both;\"><\/div>\n<\/div>\n<\/div>\n<div class=\" visible-lg-block visible-xs-block\" style=\"clear: both;\"><\/div>\n<\/div>\n<div class=\"ttr_new-page-copy-copy11_html_row1 row\">\n<div class=\"post_column col-lg-3 col-md-6 col-sm-6 col-xs-12\">\n<div class=\"ttr_new-page-copy-copy11_html_column10\">\n<div style=\"height: 0px; width: 0px; overflow: hidden; -webkit-margin-top-collapse: separate;\"><\/div>\n<div class=\"html_content\">\n<p style=\"margin: 0.36em 0em 0.36em 0em; line-height: 1.49142857142857;\"><span class=\"ttr_image\" style=\"float: Left; overflow: hidden; margin: 0.29em 0.29em 0.29em 0.29em; padding: 0em 0em 0em 0em;\"><img class=\"ttr_uniform\" style=\"max-height: 200px; max-width: 355px;\" src=\"http:\/\/www.moroccoexperiencetours.com\/wp-content\/uploads\/2019\/07\/r1.jpg\" alt=\"11 d\u00edas Casablanca Viaje Al sur de Marruecos\" \/><\/span><\/p>\n<\/div>\n<div style=\"height: 0px; width: 0px; overflow: hidden; -webkit-margin-top-collapse: separate;\"><\/div>\n<div style=\"clear: both;\"><\/div>\n<\/div>\n<\/div>\n<div class=\" visible-xs-block\" style=\"clear: both;\"><\/div>\n<div class=\"post_column col-lg-3 col-md-6 col-sm-6 col-xs-12\">\n<div class=\"ttr_new-page-copy-copy11_html_column11\">\n<div style=\"height: 0px; width: 0px; overflow: hidden; -webkit-margin-top-collapse: separate;\"><\/div>\n<div class=\"html_content\">\n<p style=\"margin: 0.36em 0em 0.36em 0em; line-height: 1.49142857142857;\"><span class=\"ttr_image\" style=\"float: Left; overflow: hidden; margin: 0.29em 0.29em 0.29em 0.29em; padding: 0em 0em 0em 0em;\"><img class=\"ttr_uniform\" style=\"max-height: 200px; max-width: 355px;\" src=\"http:\/\/www.moroccoexperiencetours.com\/wp-content\/uploads\/2019\/07\/f3.jpg\" alt=\"viajes de Marruecos\" \/><\/span><\/p>\n<\/div>\n<div style=\"height: 0px; width: 0px; overflow: hidden; -webkit-margin-top-collapse: separate;\"><\/div>\n<div style=\"clear: both;\"><\/div>\n<\/div>\n<\/div>\n<div class=\" visible-sm-block visible-md-block visible-xs-block\" style=\"clear: both;\"><\/div>\n<div class=\"post_column col-lg-3 col-md-6 col-sm-6 col-xs-12\">\n<div class=\"ttr_new-page-copy-copy11_html_column12\">\n<div style=\"height: 0px; width: 0px; overflow: hidden; -webkit-margin-top-collapse: separate;\"><\/div>\n<div class=\"html_content\">\n<p style=\"margin: 0.36em 0em 0.36em 0em; line-height: 1.49142857142857;\"><span class=\"ttr_image\" style=\"float: Left; overflow: hidden; margin: 0.29em 0.29em 0.29em 0.29em; padding: 0em 0em 0em 0em;\"><img class=\"ttr_uniform\" style=\"max-height: 200px; max-width: 355px;\" src=\"http:\/\/www.moroccoexperiencetours.com\/wp-content\/uploads\/2019\/07\/d3.jpg\" alt=\"tours del Desierto\" \/><\/span><\/p>\n<\/div>\n<div style=\"height: 0px; width: 0px; overflow: hidden; -webkit-margin-top-collapse: separate;\"><\/div>\n<div style=\"clear: both;\"><\/div>\n<\/div>\n<\/div>\n<div class=\" visible-xs-block\" style=\"clear: both;\"><\/div>\n<div class=\"post_column col-lg-3 col-md-6 col-sm-6 col-xs-12\">\n<div class=\"ttr_new-page-copy-copy11_html_column13\">\n<div style=\"height: 0px; width: 0px; overflow: hidden; -webkit-margin-top-collapse: separate;\"><\/div>\n<div class=\"html_content\">\n<p style=\"margin: 0.36em 0em 0.36em 0em; line-height: 1.49142857142857;\"><span class=\"ttr_image\" style=\"float: Left; overflow: hidden; margin: 0.29em 0.29em 0.29em 0.29em; padding: 0em 0em 0em 0em;\"><img class=\"ttr_uniform\" style=\"max-height: 200px; max-width: 355px;\" src=\"http:\/\/www.moroccoexperiencetours.com\/wp-content\/uploads\/2019\/07\/21.jpg\" alt=\"Rutas de Casablanca\" \/><\/span><\/p>\n<\/div>\n<div style=\"height: 0px; width: 0px; overflow: hidden; -webkit-margin-top-collapse: separate;\"><\/div>\n<div style=\"clear: both;\"><\/div>\n<\/div>\n<\/div>\n<div class=\" visible-lg-block visible-sm-block visible-md-block visible-xs-block\" style=\"clear: both;\"><\/div>\n<\/div>\n","protected":false},"excerpt":{"rendered":"<p>11 d\u00edas Casablanca Viaje Al sur de Marruecos D\u00eda 1: Casablanca &#8211; Rabat. Tan pronto como llegue a Casablanca. La capital econ\u00f3mica de Marruecos, ser\u00e1 recibido y asistido en el aeropuerto y conducido a su hotel en Rabat, donde se &hellip;<\/p>\n<p><a href=\"http:\/\/www.moroccoexperiencetours.com\/esp\/11-dias-casablanca-viaje-al-sur-de-marruecos\/\">Continue Reading<span class=\"meta-nav\">&rarr;<\/span><\/a><\/p>\n","protected":false},"author":1,"featured_media":0,"parent":0,"menu_order":19,"comment_status":"closed","ping_status":"closed","template":"page-templates\/new-page-copy-copy11_page.php","meta":[],"_links":{"self":[{"href":"http:\/\/www.moroccoexperiencetours.com\/esp\/wp-json\/wp\/v2\/pages\/135"}],"collection":[{"href":"http:\/\/www.moroccoexperiencetours.com\/esp\/wp-json\/wp\/v2\/pages"}],"about":[{"href":"http:\/\/www.moroccoexperiencetours.com\/esp\/wp-json\/wp\/v2\/types\/page"}],"author":[{"embeddable":true,"href":"http:\/\/www.moroccoexperiencetours.com\/esp\/wp-json\/wp\/v2\/users\/1"}],"replies":[{"embeddable":true,"href":"http:\/\/www.moroccoexperiencetours.com\/esp\/wp-json\/wp\/v2\/comments?post=135"}],"version-history":[{"count":3,"href":"http:\/\/www.moroccoexperiencetours.com\/esp\/wp-json\/wp\/v2\/pages\/135\/revisions"}],"predecessor-version":[{"id":460,"href":"http:\/\/www.moroccoexperiencetours.com\/esp\/wp-json\/wp\/v2\/pages\/135\/revisions\/460"}],"wp:attachment":[{"href":"http:\/\/www.moroccoexperiencetours.com\/esp\/wp-json\/wp\/v2\/media?parent=135"}],"curies":[{"name":"wp","href":"https:\/\/api.w.org\/{rel}","templated":true}]}}