{"id":139,"date":"2019-07-07T18:44:39","date_gmt":"2019-07-07T18:44:39","guid":{"rendered":"http:\/\/www.moroccoexperiencetours.com\/esp\/new-page-copy-copy15\/"},"modified":"2019-09-15T22:43:58","modified_gmt":"2019-09-15T22:43:58","slug":"8-dias-viaje-tanger-viajes-del-desierto","status":"publish","type":"page","link":"http:\/\/www.moroccoexperiencetours.com\/esp\/8-dias-viaje-tanger-viajes-del-desierto\/","title":{"rendered":"8 dias Viaje T\u00e1nger viajes del Desierto"},"content":{"rendered":"<div class=\"ttr_new-page-copy-copy15_html_row0 row\">\n<div class=\"post_column col-lg-12 col-md-6 col-sm-6 col-xs-12\">\n<div class=\"ttr_new-page-copy-copy15_html_column00\">\n<div style=\"height: 0px; width: 0px; overflow: hidden; -webkit-margin-top-collapse: separate;\"><\/div>\n<div class=\"html_content\">\n<h2><span style=\"color: #ffffff; font-size: 8pt;\">8 dias Viaje T\u00e1nger viajes del Desierto<\/span><\/h2>\n<p style=\"margin: 0.14em 0em 0em 0.57em; line-height: 1.49142857142857;\"><span style=\"font-family: 'Crimson Text','Rosario','Times New Roman'; font-weight: bold; font-size: 1.357em; color: rgba(206,152,52,1);\">Dia 1 : Puerto de T\u00e1nger \u2013 Chefchaouen.<\/span><\/p>\n<p style=\"margin: 0.14em 0em 0em 0.57em; line-height: 1.49142857142857;\"><span style=\"font-family: 'Crimson Text','Rosario','Times New Roman'; font-size: 1.357em;\">iniciaremos nuestro viaje a trav\u00e9s de las espectaculares monta\u00f1as del Rif hacia Tetu\u00e1n a lo largo de paisajes incre\u00edblemente dram\u00e1ticos, hasta llegar a Chefchaouen, una ciudad muy bien situada por debajo de los picos del Rif, Chefchaouen es uno de los pueblos m\u00e1s pintorescos de Marruecos, un pueblo azul de lavado art\u00edstico, su antigua medina es un deleite para sus visitantes, la influencia andaluz con techos de tejas rojas, edificios de color azul brillante y calles estrechas que convergen en la concurrida Plaza Uta el-Hammam y su kasbah restaurada. Aqu\u00ed podr\u00e1 pasar una noche en un alojamiento agradable con una vista panor\u00e1mica que le permite disfrutar de la brisa y la belleza de la naturaleza Afircana.<\/span><\/p>\n<h2><span style=\"color: #ffffff; font-size: 8pt;\">8 dias Viaje T\u00e1nger viajes del Desierto<\/span><\/h2>\n<p style=\"margin: 0.14em 0em 0em 0.57em; line-height: 1.49142857142857;\"><span style=\"font-family: 'Crimson Text','Rosario','Times New Roman'; font-weight: bold; font-size: 1.357em; color: rgba(206,152,52,1);\">Dia 2 : Chefchaouen \u2013 Volubilis \u2013 Meknes \u2013 Fez<\/span><\/p>\n<p style=\"margin: 0.14em 0em 0em 0.57em; line-height: 1.49142857142857;\"><span style=\"font-family: 'Crimson Text','Rosario','Times New Roman'; font-size: 1.357em;\">Despu\u00e9s del desayuno en el Riad, nuestro aut\u00e9ntico viaje comenzar\u00e1 hacia Volubilis, a trav\u00e9s Wazan y otras aldeas del Rif, en Volubilis, vamos a descubrir las ruinas romanas y conocer el sitio arqueol\u00f3gico que cuenta con el primer arco del Triunfo de la historia, despu\u00e9s de la visita iremos a la ciudad de Meknes patrimonio cultural de la humanidad, donde nos detendremos para almorzar y pasar alrededor de los enormes muros hist\u00f3ricos de la medina Bab el Mansour, y disfrutar de una visita del santuario de Moulay Ismail, despu\u00e9s de la visita de Meknes nos dirigiremos a la ciudad de Fez, para pasar la noche.<\/span><\/p>\n<h2><span style=\"color: #ffffff; font-size: 8pt;\">8 dias Viaje T\u00e1nger viajes del Desierto<\/span><\/h2>\n<p style=\"margin: 0.14em 0em 0em 0.57em; line-height: 1.49142857142857;\"><span style=\"font-family: 'Crimson Text','Rosario','Times New Roman'; font-weight: bold; font-size: 1.357em; color: rgba(206,152,52,1);\">Dia 3 : Fez \u2013 visita guiada<\/span><\/p>\n<p style=\"margin: 0.14em 0em 0em 0.57em; line-height: 1.49142857142857;\"><span style=\"font-family: 'Crimson Text','Rosario','Times New Roman'; font-size: 1.357em;\">Despu\u00e9s del desayuno en su Riad, podr\u00e1 comenzar a explorar la ciudad m\u00e1s antigua de Marruecos, caminar en sus peque\u00f1as calles y callejones. Nuestra visita comienza en la puerta del Palacio Real, la sede jud\u00eda, la primera Mellah de Marruecos, construido durante el siglo XVI. Nos aseguraremos de que usted visite todos los sitios con inter\u00e9s hist\u00f3rico y cultural, incluyendo el famoso Qaraouine la Universidad de Al, la m\u00e1s antigua de la regi\u00f3n y primer Facultad de Medicina del mundo, las curtidur\u00edas, el museo Attarine y el mausoleo de Mulay Idriss. Despu\u00e9s del almuerzo, se visitar\u00e1 las baldosas cooperativa y luego experimentar una vista panoramica maravillosa sobre toda la Medina de Fez.<\/span><\/p>\n<h2><span style=\"color: #ffffff; font-size: 8pt;\">8 dias Viaje T\u00e1nger viajes del Desierto<\/span><\/h2>\n<p style=\"margin: 0.14em 0em 0em 0.57em; line-height: 1.49142857142857;\"><span style=\"font-family: 'Crimson Text','Rosario','Times New Roman'; font-weight: bold; font-size: 1.357em; color: rgba(206,152,52,1);\">Dia 4 : Fez- Ifrane \u2013 Midelt \u2013 El Valle de Ziz \u2013 Erfoud \u2013 Merzouga \u2013 Paseo en Camello y noche en un Campamento.<\/span><\/p>\n<p style=\"margin: 0.14em 0em 0em 0.57em; line-height: 1.49142857142857;\"><span style=\"font-family: 'Crimson Text','Rosario','Times New Roman'; font-size: 1.357em;\">Despu\u00e9s del desayuno en su hotel, viajaremos a trav\u00e9s de Errachidia Merzouga y Erfoud. Usted va a viajar a trav\u00e9s de la fascinante Tizi Ntalghamt y el Ziz Gorge, contemplar las vistas de la meseta del Alto Atlas, usted notar\u00e1 c\u00f3mo el paisaje cambia para revelar zona des\u00e9rtica al acercarse a la ciudad de Errachidia, aqu\u00ed tendr\u00e1 su almuerzo y disfrutar\u00e1 de la hospitalidad de los Ber\u00e9beres, viajar\u00e1 a lo largo del valle del Ziz, donde pude hacer una parada en el \u00e1rea de reposo para apreciar la exuberante panor\u00e1mica del oasis a lo largo del camino entre Erfoud y Rissani. Llegaremos a Merzouga por la tarde, ser\u00e9is ser recibido con una taza de t\u00e9 de menta antes de empezar su paseo en camello, para pasar una noche m\u00e1s en la tienda en el coraz\u00f3n del desierto con la m\u00fasica Ber\u00e9ber.<\/span><\/p>\n<h2><span style=\"color: #ffffff; font-size: 8pt;\">tours desde T\u00e1nger<\/span><\/h2>\n<p style=\"margin: 0.14em 0em 0em 0.57em; line-height: 1.49142857142857;\"><span style=\"font-family: 'Crimson Text','Rosario','Times New Roman'; font-weight: bold; font-size: 1.357em; color: rgba(206,152,52,1);\">Dia 5 : Merzouga \u2013 Las Gargantas del Todra \u2013 Valle Del Dades<\/span><\/p>\n<p style=\"margin: 0.14em 0em 0em 0.57em; line-height: 1.49142857142857;\"><span style=\"font-family: 'Crimson Text','Rosario','Times New Roman'; font-size: 1.357em;\">Nos levantaremos temprano para ver el espect\u00e1culo de la salida del sol sobre las dunas del Sahara antes de hacer el camino de vuelta por los camellos al hotel para tomar el desayuno y una ducha, de all\u00ed nos conduciremos a trav\u00e9s de las monta\u00f1as del Saghro, haremos una desviaci\u00f3n a trav\u00e9s de las gargantas del Todra antes de llegar al Valle del Dades donde pasaremos la noche y tendremos cena de cortes\u00eda.<\/span><\/p>\n<h2><span style=\"color: #ffffff; font-size: 8pt;\">viajes de Marruecos<\/span><\/h2>\n<p style=\"margin: 0.14em 0em 0em 0.57em; line-height: 1.49142857142857;\"><span style=\"font-family: 'Crimson Text','Rosario','Times New Roman'; font-weight: bold; font-size: 1.357em; color: rgba(206,152,52,1);\">Dia 6 : Valle del Dades \u2013 Valle de Rosas \u2013 Ouarzazate \u2013 Ait Ben Haddou \u2013 Alta Monta\u00f1a del Atlas \u2013 Marrakech<\/span><\/p>\n<p style=\"margin: 0.14em 0em 0em 0.57em; line-height: 1.49142857142857;\"><span style=\"font-family: 'Crimson Text','Rosario','Times New Roman'; font-size: 1.357em;\">Despu\u00e9s del desayuno, viajaremos a trav\u00e9s del Valle del Dades hacia kalaat M\u2019gouna y Ouarzazate. El recorrido por el Valle del Dades es el camino de las mil kasbahs que proporcionan numerosas oportunidades para tomar algunas de sus mejores tomas fotogr\u00e1ficas del viaje, tanto en el valle de las rosas y los estudios cinematogr\u00e1ficos de la ciudad de Ouarzazate, visitaremos Ait Ben Haddou, la Kasbah magna de todo Marruecos, construida por T-Hami El Glaoui, uno de los \u00faltimos jefes Ber\u00e9beres durante el inicio del siglo XI que realmente era un Ksar (pueblo fortificado) y no solo una Kasbah, sol\u00eda ser una de sus paradas durante su largo viaje desde el Sahara hasta Marrakech, patrimonio cultural de la UNESCO. despu\u00e9s atravesaremos las altas monta\u00f1as del atlas y pueblos bereberes atractivos hasta llegar a Marrakech.<\/span><\/p>\n<h2><span style=\"color: #ffffff; font-size: 8pt;\">tours del desierto<\/span><\/h2>\n<p style=\"margin: 0.14em 0em 0em 0.57em; line-height: 1.49142857142857;\"><span style=\"font-family: 'Crimson Text','Rosario','Times New Roman'; font-weight: bold; font-size: 1.357em; color: rgba(206,152,52,1);\">Dia 7 : Exploraci\u00f3n de Marrakech<\/span><\/p>\n<p style=\"margin: 0.14em 0em 0em 0.57em; line-height: 1.49142857142857;\"><span style=\"font-family: 'Crimson Text','Rosario','Times New Roman'; font-size: 1.357em;\">Despu\u00e9s del desayuno en el Riad, puede empezar a explorar Marrakech la ciudad roja de Marruecos. Nos aseguraremos de que usted conozca los sitios m\u00e1s importantes de inter\u00e9s hist\u00f3rico y cultural, incluyendo los jardines Majorelle, la Koutoubia, las tumbas Saadies y el Palacio de la Bah\u00eda. Tomar su tiempo para almorzar en un restaurante cerca de la plaza, relajarse a trav\u00e9s de los zocos, donde ver\u00e1 cientos de artesan\u00edas, tomar\u00e1 la tarde para disfrutar a su ritmo.<br \/>\nAlojamiento en el Riad.<\/span><\/p>\n<h2><span style=\"color: #ffffff; font-size: 8pt;\">Marruecos al desierto<\/span><\/h2>\n<p style=\"margin: 0.14em 0em 0em 0.57em; line-height: 1.49142857142857;\"><span style=\"font-family: 'Crimson Text','Rosario','Times New Roman'; font-weight: bold; font-size: 1.357em; color: rgba(206,152,52,1);\">Dia 8 : Traslado al aeropuerto<\/span><\/p>\n<p style=\"margin: 0.14em 0em 0em 0.57em; line-height: 1.49142857142857;\"><span style=\"font-family: 'Crimson Text','Rosario','Times New Roman'; font-size: 1.357em;\">Despu\u00e9s del desayuno, le trasladaremos al aeropuerto a la hora convenida para que contin\u00fae con su siguiente destino.<br \/>\nFin de esta experiencia Ksar.<\/span><\/p>\n<h2><span style=\"color: #ffffff; font-size: 8pt;\">T\u00e1nger rutas del desierto<\/span><\/h2>\n<p style=\"margin: 0.14em 0em 0em 0.57em; line-height: 1.49142857142857;\"><span style=\"font-family: 'Crimson Text','Rosario','Times New Roman'; font-size: 1.357em;\">Por favor\u00a0<\/span><a class=\"tt_link\" href=\"http:\/\/www.moroccoexperiencetours.com\/esp\/contactenos\/\" target=\"_self\" rel=\"noopener noreferrer\"><span style=\"font-family: 'Crimson Text','Rosario','Times New Roman'; font-size: 1.357em; color: rgba(0,0,255,1);\">cont\u00e1ctenos<\/span><\/a><span style=\"font-family: 'Crimson Text','Rosario','Times New Roman'; font-size: 1.357em;\"> por el precio. Gracias.<\/span><\/p>\n<h2><span style=\"color: #ffffff; font-size: 8pt;\">tours de Marruecos<\/span><\/h2>\n<p style=\"margin: 0.14em 0em 0em 0.57em; line-height: 1.49142857142857;\"><span style=\"font-family: 'Crimson Text','Rosario','Times New Roman'; font-weight: bold; font-size: 1.357em; color: rgba(193,134,27,1);\">Incluye lista:<\/span><\/p>\n<p style=\"margin: 0.14em 0em 0em 0.57em; line-height: 1.49142857142857;\"><span style=\"font-family: 'Crimson Text','Rosario','Times New Roman'; font-size: 1.357em;\">&#8211; Conductor profesional<\/span><\/p>\n<p style=\"margin: 0.14em 0em 0em 0.57em; line-height: 1.49142857142857;\"><span style=\"font-family: 'Crimson Text','Rosario','Times New Roman'; font-size: 1.357em;\">&#8211; Aire acondicionado 4\u00d74<\/span><\/p>\n<p style=\"margin: 0.14em 0em 0em 0.57em; line-height: 1.49142857142857;\"><span style=\"font-family: 'Crimson Text','Rosario','Times New Roman'; font-size: 1.357em;\">\u2013 Gasolina<\/span><\/p>\n<p style=\"margin: 0.14em 0em 0em 0.57em; line-height: 1.49142857142857;\"><span style=\"font-family: 'Crimson Text','Rosario','Times New Roman'; font-size: 1.357em;\">\u2013 Gu\u00eda de ruta<\/span><\/p>\n<p style=\"margin: 0.14em 0em 0em 0.57em; line-height: 1.49142857142857;\"><span style=\"font-family: 'Crimson Text','Rosario','Times New Roman'; font-size: 1.357em;\">\u2013 Berber Camp (Alojamiento, Cena, Desayuno)<\/span><\/p>\n<p style=\"margin: 0.14em 0em 0em 0.57em; line-height: 1.49142857142857;\"><span style=\"font-family: 'Crimson Text','Rosario','Times New Roman'; font-size: 1.357em;\">\u2013 Paseos en camello <\/span><\/p>\n<h2><span style=\"color: #ffffff; font-size: 8pt;\">tours de Marruecos<\/span><\/h2>\n<p style=\"margin: 0.14em 0em 0em 0.57em; line-height: 1.49142857142857;\"><span style=\"font-family: 'Crimson Text','Rosario','Times New Roman'; font-weight: bold; font-size: 1.357em; color: rgba(193,134,27,1);\">No incluye:<\/span><\/p>\n<p style=\"margin: 0.14em 0em 0em 0.57em; line-height: 1.49142857142857;\"><span style=\"font-family: 'Crimson Text','Rosario','Times New Roman'; font-size: 1.357em;\">\u2013 Vuelos<\/span><\/p>\n<p style=\"margin: 0.14em 0em 0em 0.57em; line-height: 1.49142857142857;\"><span style=\"font-family: 'Crimson Text','Rosario','Times New Roman'; font-size: 1.357em;\">\u2013 Bebidas<\/span><\/p>\n<p style=\"margin: 0.14em 0em 0em 0.57em; line-height: 1.49142857142857;\"><span style=\"font-family: 'Crimson Text','Rosario','Times New Roman'; font-size: 1.357em;\">\u2013 la comida.<\/span><\/p>\n<\/div>\n<div style=\"height: 0px; width: 0px; overflow: hidden; -webkit-margin-top-collapse: separate;\"><\/div>\n<div style=\"clear: both;\"><\/div>\n<\/div>\n<\/div>\n<div class=\" visible-lg-block visible-xs-block\" style=\"clear: both;\"><\/div>\n<\/div>\n<div class=\"ttr_new-page-copy-copy15_html_row1 row\">\n<div class=\"post_column col-lg-3 col-md-6 col-sm-6 col-xs-12\">\n<div class=\"ttr_new-page-copy-copy15_html_column10\">\n<div style=\"height: 0px; width: 0px; overflow: hidden; -webkit-margin-top-collapse: separate;\"><\/div>\n<div class=\"html_content\">\n<p style=\"margin: 0.36em 0em 0.36em 0em; line-height: 1.49142857142857;\"><span class=\"ttr_image\" style=\"float: Left; overflow: hidden; margin: 0.29em 0.29em 0.29em 0.29em; padding: 0em 0em 0em 0em;\"><img class=\"ttr_uniform\" style=\"max-height: 200px; max-width: 355px;\" src=\"http:\/\/www.moroccoexperiencetours.com\/esp\/wp-content\/uploads\/2019\/07\/t1.jpg\" alt=\"8 dias Viaje T\u00e1nger viajes del Desierto\" \/><\/span><\/p>\n<\/div>\n<div style=\"height: 0px; width: 0px; overflow: hidden; -webkit-margin-top-collapse: separate;\"><\/div>\n<div style=\"clear: both;\"><\/div>\n<\/div>\n<\/div>\n<div class=\" visible-xs-block\" style=\"clear: both;\"><\/div>\n<div class=\"post_column col-lg-3 col-md-6 col-sm-6 col-xs-12\">\n<div class=\"ttr_new-page-copy-copy15_html_column11\">\n<div style=\"height: 0px; width: 0px; overflow: hidden; -webkit-margin-top-collapse: separate;\"><\/div>\n<div class=\"html_content\">\n<p style=\"margin: 0.36em 0em 0.36em 0em; line-height: 1.49142857142857;\"><span class=\"ttr_image\" style=\"float: Left; overflow: hidden; margin: 0.29em 0.29em 0.29em 0.29em; padding: 0em 0em 0em 0em;\"><img class=\"ttr_uniform\" style=\"max-height: 200px; max-width: 355px;\" src=\"http:\/\/www.moroccoexperiencetours.com\/wp-content\/uploads\/2019\/07\/f1.jpg\" alt=\"Tours desde T\u00e1nger\" \/><\/span><\/p>\n<\/div>\n<div style=\"height: 0px; width: 0px; overflow: hidden; -webkit-margin-top-collapse: separate;\"><\/div>\n<div style=\"clear: both;\"><\/div>\n<\/div>\n<\/div>\n<div class=\" visible-sm-block visible-md-block visible-xs-block\" style=\"clear: both;\"><\/div>\n<div class=\"post_column col-lg-3 col-md-6 col-sm-6 col-xs-12\">\n<div class=\"ttr_new-page-copy-copy15_html_column12\">\n<div style=\"height: 0px; width: 0px; overflow: hidden; -webkit-margin-top-collapse: separate;\"><\/div>\n<div class=\"html_content\">\n<p style=\"margin: 0.36em 0em 0.36em 0em; line-height: 1.49142857142857;\"><span class=\"ttr_image\" style=\"float: Left; overflow: hidden; margin: 0.29em 0.29em 0.29em 0.29em; padding: 0em 0em 0em 0em;\"><img class=\"ttr_uniform\" style=\"max-height: 200px; max-width: 355px;\" src=\"http:\/\/www.moroccoexperiencetours.com\/wp-content\/uploads\/2019\/07\/d1.jpg\" alt=\"Viajes de Marruecos\" \/><\/span><\/p>\n<\/div>\n<div style=\"height: 0px; width: 0px; overflow: hidden; -webkit-margin-top-collapse: separate;\"><\/div>\n<div style=\"clear: both;\"><\/div>\n<\/div>\n<\/div>\n<div class=\" visible-xs-block\" style=\"clear: both;\"><\/div>\n<div class=\"post_column col-lg-3 col-md-6 col-sm-6 col-xs-12\">\n<div class=\"ttr_new-page-copy-copy15_html_column13\">\n<div style=\"height: 0px; width: 0px; overflow: hidden; -webkit-margin-top-collapse: separate;\"><\/div>\n<div class=\"html_content\">\n<p style=\"margin: 0.36em 0em 0.36em 0em; line-height: 1.49142857142857;\"><span class=\"ttr_image\" style=\"float: Left; overflow: hidden; margin: 0.29em 0.29em 0.29em 0.29em; padding: 0em 0em 0em 0em;\"><img class=\"ttr_uniform\" style=\"max-height: 200px; max-width: 355px;\" src=\"http:\/\/www.moroccoexperiencetours.com\/wp-content\/uploads\/2019\/07\/222.jpg\" alt=\"Tours del desierto\" \/><\/span><\/p>\n<\/div>\n<div style=\"height: 0px; width: 0px; overflow: hidden; -webkit-margin-top-collapse: separate;\"><\/div>\n<div style=\"clear: both;\"><\/div>\n<\/div>\n<\/div>\n<div class=\" visible-lg-block visible-sm-block visible-md-block visible-xs-block\" style=\"clear: both;\"><\/div>\n<\/div>\n","protected":false},"excerpt":{"rendered":"<p>8 dias Viaje T\u00e1nger viajes del Desierto Dia 1 : Puerto de T\u00e1nger \u2013 Chefchaouen. iniciaremos nuestro viaje a trav\u00e9s de las espectaculares monta\u00f1as del Rif hacia Tetu\u00e1n a lo largo de paisajes incre\u00edblemente dram\u00e1ticos, hasta llegar a Chefchaouen, una &hellip;<\/p>\n<p><a href=\"http:\/\/www.moroccoexperiencetours.com\/esp\/8-dias-viaje-tanger-viajes-del-desierto\/\">Continue Reading<span class=\"meta-nav\">&rarr;<\/span><\/a><\/p>\n","protected":false},"author":1,"featured_media":0,"parent":0,"menu_order":23,"comment_status":"closed","ping_status":"closed","template":"page-templates\/new-page-copy-copy15_page.php","meta":[],"_links":{"self":[{"href":"http:\/\/www.moroccoexperiencetours.com\/esp\/wp-json\/wp\/v2\/pages\/139"}],"collection":[{"href":"http:\/\/www.moroccoexperiencetours.com\/esp\/wp-json\/wp\/v2\/pages"}],"about":[{"href":"http:\/\/www.moroccoexperiencetours.com\/esp\/wp-json\/wp\/v2\/types\/page"}],"author":[{"embeddable":true,"href":"http:\/\/www.moroccoexperiencetours.com\/esp\/wp-json\/wp\/v2\/users\/1"}],"replies":[{"embeddable":true,"href":"http:\/\/www.moroccoexperiencetours.com\/esp\/wp-json\/wp\/v2\/comments?post=139"}],"version-history":[{"count":3,"href":"http:\/\/www.moroccoexperiencetours.com\/esp\/wp-json\/wp\/v2\/pages\/139\/revisions"}],"predecessor-version":[{"id":391,"href":"http:\/\/www.moroccoexperiencetours.com\/esp\/wp-json\/wp\/v2\/pages\/139\/revisions\/391"}],"wp:attachment":[{"href":"http:\/\/www.moroccoexperiencetours.com\/esp\/wp-json\/wp\/v2\/media?parent=139"}],"curies":[{"name":"wp","href":"https:\/\/api.w.org\/{rel}","templated":true}]}}