{"id":140,"date":"2019-07-07T18:44:39","date_gmt":"2019-07-07T18:44:39","guid":{"rendered":"http:\/\/www.moroccoexperiencetours.com\/esp\/new-page-copy-copy16\/"},"modified":"2019-09-15T22:46:01","modified_gmt":"2019-09-15T22:46:01","slug":"14-dias-tanger-viaje-al-desierto-de-marruecos","status":"publish","type":"page","link":"http:\/\/www.moroccoexperiencetours.com\/esp\/14-dias-tanger-viaje-al-desierto-de-marruecos\/","title":{"rendered":"14 d\u00edas T\u00e1nger viaje al Desierto de Marruecos"},"content":{"rendered":"<div class=\"ttr_new-page-copy-copy16_html_row0 row\">\n<div class=\"post_column col-lg-12 col-md-6 col-sm-6 col-xs-12\">\n<div class=\"ttr_new-page-copy-copy16_html_column00\">\n<div style=\"height: 0px; width: 0px; overflow: hidden; -webkit-margin-top-collapse: separate;\"><\/div>\n<div class=\"html_content\">\n<h2><span style=\"color: #ffffff; font-size: 8pt;\">14 d\u00edas T\u00e1nger viaje al Desierto de Marruecos<\/span><\/h2>\n<p style=\"margin: 0.14em 0em 0em 0.57em; line-height: 1.49142857142857;\"><span style=\"font-family: 'Crimson Text','Rosario','Times New Roman'; font-weight: bold; font-size: 1.357em; color: rgba(206,152,52,1);\">D\u00eda 1: T\u00e1nger &#8211; Asilah.<\/span><\/p>\n<p style=\"margin: 0.14em 0em 0em 0.57em; line-height: 1.49142857142857;\"><span style=\"font-family: 'Crimson Text','Rosario','Times New Roman'; font-size: 1.357em;\">Elija su llegada a T\u00e1nger y parte de la ma\u00f1ana libre para explorar la ciudad. Conocida como &#8220;la puerta de \u00c1frica&#8221;, una de las ciudades m\u00e1s vibrantes, misteriosas e ineresantes de Marruecos.<br \/>\n(Visita al Caf\u00e9 Hafa). Nos dirigimos a Asilah, actuando antes de una visita a las Cuevas de H\u00e9rcules. Seg\u00fan la leyenda, aqu\u00ed es donde descans\u00f3 la figura m\u00edtica de H\u00e9rcules despu\u00e9s de realizar sus 12 tareas. La entrada a la cueva est\u00e1 orientada hacia el Atl\u00e1ntico y se inunda durante las mareas altas. Las vistas dentro de las ofertas son una experiencia.<br \/>\nLlegada a Asilah, peque\u00f1a ciudad costera, sin duda una de las m\u00e1s bellas del norte de Marruecos, con su peque\u00f1a medina caracterizada por casas azules y decorada con coloridos dibujos. Alojamiento de hotel.<\/span><\/p>\n<h2><span style=\"color: #ffffff; font-size: 8pt;\">14 d\u00edas T\u00e1nger viaje al Desierto de Marruecos<\/span><\/h2>\n<p style=\"margin: 0.14em 0em 0em 0.57em; line-height: 1.49142857142857;\"><span style=\"font-family: 'Crimson Text','Rosario','Times New Roman'; font-weight: bold; font-size: 1.357em; color: rgba(206,152,52,1);\">D\u00eda 2: Asilah &#8211; Rabat<\/span><\/p>\n<p style=\"margin: 0.14em 0em 0em 0.57em; line-height: 1.49142857142857;\"><span style=\"font-family: 'Crimson Text','Rosario','Times New Roman'; font-size: 1.357em;\">Despu\u00e9s del desayuno, salimos por la ma\u00f1ana direcci\u00f3n Rabat.<br \/>\nLlegada a Rabat: conocida como la Ciudad de los Jardines. Es la capital administrativa de Marruecos.<br \/>\nEs una ciudad moderna y tradicional, una combinaci\u00f3n din\u00e1mica de cultura antigua y moderna. Rodeado de coloridas colinas y monta\u00f1as.<br \/>\nLa ciudad en s\u00ed es elegante, con jardines armoniosos, tiendas de lujo, sus tiendas y flores.<br \/>\nTiempo libre para explorar la ciudad. Alojamiento de hotel.<\/span><\/p>\n<h2><span style=\"color: #ffffff; font-size: 8pt;\">14 d\u00edas T\u00e1nger viaje al Desierto de Marruecos<\/span><\/h2>\n<p style=\"margin: 0.14em 0em 0em 0.57em; line-height: 1.49142857142857;\"><span style=\"font-family: 'Crimson Text','Rosario','Times New Roman'; font-weight: bold; font-size: 1.357em; color: rgba(206,152,52,1);\">D\u00eda 3: Rabat &#8211; Casablanca<\/span><\/p>\n<p style=\"margin: 0.14em 0em 0em 0.57em; line-height: 1.49142857142857;\"><span style=\"font-family: 'Crimson Text','Rosario','Times New Roman'; font-size: 1.357em;\">Continuamos nuestro viaje a lo largo del Atl\u00e1ntico, a Casablanca, la capital econ\u00f3mica del pa\u00eds.<br \/>\nDispondreis todo el d\u00eda para explorar la gran ciudad de Marruecos y la famosa mezquita Hassan II, uno de los edificios m\u00e1s altos del mundo y uno de los pocos que permite la visita de turistas no musulmanes. Alojamiento de hotel.<\/span><\/p>\n<h2><span style=\"color: #ffffff; font-size: 8pt;\">14 d\u00edas T\u00e1nger viaje al Desierto de Marruecos<\/span><\/h2>\n<p style=\"margin: 0.14em 0em 0em 0.57em; line-height: 1.49142857142857;\"><span style=\"font-family: 'Crimson Text','Rosario','Times New Roman'; font-weight: bold; font-size: 1.357em; color: rgba(206,152,52,1);\">D\u00eda 4: Casablanca &#8211; Essaouira.<\/span><\/p>\n<p style=\"margin: 0.14em 0em 0em 0.57em; line-height: 1.49142857142857;\"><span style=\"font-family: 'Crimson Text','Rosario','Times New Roman'; font-size: 1.357em;\">Continuamos bordeando el Atl\u00e1ntico, disfrutando de un hermoso paisaje costero hasta la ciudad de Essaouira. El ajamiento en el hotel y el tiempo libre para explorar la ciudad: Patrimonio, mantiene el encanto y la autenticidad de una tierra perdida en el tiempo. Aqu\u00ed es donde termina el Mediterr\u00e1neo: el \u00faltimo fuerte amurallado en la costa atl\u00e1ntica. La bah\u00eda de Essaouira, arrastrada por las olas de las islas Mogador, es un para\u00edso para los amantes del deporte. Alojamiento de hotel.<\/span><\/p>\n<h2><span style=\"color: #ffffff; font-size: 8pt;\">tours desde T\u00e1nger<\/span><\/h2>\n<p style=\"margin: 0.14em 0em 0em 0.57em; line-height: 1.49142857142857;\"><span style=\"font-family: 'Crimson Text','Rosario','Times New Roman'; font-weight: bold; font-size: 1.357em; color: rgba(206,152,52,1);\">D\u00eda 5: Essaouira &#8211; Marrakech<\/span><\/p>\n<p style=\"margin: 0.14em 0em 0em 0.57em; line-height: 1.49142857142857;\"><span style=\"font-family: 'Crimson Text','Rosario','Times New Roman'; font-size: 1.357em;\">Desayuno en el hotel. Tiempo libre para un \u00faltimo paseo en la medina de Essaouira, antes de partir hacia Marrakech.<br \/>\nLlegada a Marrakech, traslado a su riad.<br \/>\nD\u00eda libre para contactar con el lugar. Alojamiento de hotel.<\/span><\/p>\n<h2><span style=\"color: #ffffff; font-size: 8pt;\">viajes de Marruecos<\/span><\/h2>\n<p style=\"margin: 0.14em 0em 0em 0.57em; line-height: 1.49142857142857;\"><span style=\"font-family: 'Crimson Text','Rosario','Times New Roman'; font-weight: bold; font-size: 1.357em; color: rgba(206,152,52,1);\">D\u00eda 6: Marrakech (Visita guiada).<\/span><\/p>\n<p style=\"margin: 0.14em 0em 0em 0.57em; line-height: 1.49142857142857;\"><span style=\"font-family: 'Crimson Text','Rosario','Times New Roman'; font-size: 1.357em;\">Tiempo libre para continuar describiendo los muchos rincones que conforman la ciudad:<br \/>\nUna de las cuatro ciudades imperiales de marruecos. Famosa por tener muchos monumentos reconocidos como Patrimonio de la Humanidad y su famosa plaza Jemaa el Fna. Podr\u00e1s recorrer sus barrios diferentes y caracter\u00edsticos, la moderna ciudad de Gueliz, Hivernage, Palmeraie, Mellah (el barrio jud\u00edo) &#8230; o llevarte por las calles sinuosas de la medina, a la plaza Jmaa el Fna, escenario de infinitas actividades al aire libre: Malabaristas, m\u00fasicos, faquires, encantadores de serpientes, malabaristas &#8230; para despertar todos sus sentidos, con sus m\u00faltiples sonidos, aromas, sabores y colores que lo caracterizan. Alojamiento en riad.<\/span><\/p>\n<h2><span style=\"color: #ffffff; font-size: 8pt;\">Rutas desde T\u00e1nger<\/span><\/h2>\n<p style=\"margin: 0.14em 0em 0em 0.57em; line-height: 1.49142857142857;\"><span style=\"font-family: 'Crimson Text','Rosario','Times New Roman'; font-weight: bold; font-size: 1.357em; color: rgba(206,152,52,1);\">D\u00eda 7: Marrakech &#8211; Ait Ben Haddou &#8211; Dades gorges<\/span><\/p>\n<p style=\"margin: 0.14em 0em 0em 0.57em; line-height: 1.49142857142857;\"><span style=\"font-family: 'Crimson Text','Rosario','Times New Roman'; font-size: 1.357em;\">Salida por la ma\u00f1ana de Marrakech a Dades Gargantas. En nuestro camino cruzaremos las monta\u00f1as del Alto Atlas y escalaremos el Tizi n\u2019Tichka (2.260 m de altitud). Visitamos dos de las Kasbahs m\u00e1s conocidas y mejor conservadas. El primero, la Kasbah de Telouet, en cuyo interior se esconde el Palacio Glaoui. All\u00ed encontraremos paredes con tapices de seda, techos de cedro tallado y habitaciones con una buena decoraci\u00f3n. Luego, deje la carretera para seguir una pista entre barrancos, hasta que llegue a la siguiente parada, la Kasbah de Ait Ben Haddou (Patrimonio de la Humanidad por la UNESCO desde 1987) en la que se graban pel\u00edculas tan conocidas como &#8220;Gladiator&#8221;, &#8220;La Momia&#8221;. , \u201cEl Reino de los cielos\u201d y la serie \u201cJuego de tronos\u201d (convertida en Yunkai y Pentos). Continuamos el viaje a trav\u00e9s de las gargantas del Valle de Roses hasta el Dades, donde comienza la \u201cRuta de las mil Kasbahs\u201d. Dades Valley alojamiento y cena en el hotel.<\/span><\/p>\n<h2><span style=\"color: #ffffff; font-size: 8pt;\">Marruecos tours del Desierto<\/span><\/h2>\n<p style=\"margin: 0.14em 0em 0em 0.57em; line-height: 1.49142857142857;\"><span style=\"font-family: 'Crimson Text','Rosario','Times New Roman'; font-weight: bold; font-size: 1.357em; color: rgba(206,152,52,1);\">D\u00eda 8: Dades Gorges &#8211; Todra Gorges &#8211; Merzouga.<\/span><\/p>\n<p style=\"margin: 0.14em 0em 0em 0.57em; line-height: 1.49142857142857;\"><span style=\"font-family: 'Crimson Text','Rosario','Times New Roman'; font-size: 1.357em;\">Desayuno en el hotel. Nos dirigimos a la Garganta de Todra, donde puede dar un agradable paseo entre sus imponentes paredes de ca\u00f1\u00f3n a m\u00e1s de 200 metros, hasta la salida al desierto a trav\u00e9s del palmeral de Tafilalet. Llegada al hotel a pie de dunas, donde se puede caminar por la fina arena del Erg Chebbi, relajarse y disfrutar de este impresionante paisaje.<br \/>\nPor la noche, saborear\u00e1 un delicioso plato marroqu\u00ed. Alojamiento en la habitaci\u00f3n del hotel.<\/span><\/p>\n<h2><span style=\"color: #ffffff; font-size: 8pt;\">Marruecos tours del Desierto<\/span><\/h2>\n<p style=\"margin: 0.14em 0em 0em 0.57em; line-height: 1.49142857142857;\"><span style=\"font-family: 'Crimson Text','Rosario','Times New Roman'; font-weight: bold; font-size: 1.357em; color: rgba(206,152,52,1);\">D\u00eda 9: Merzouga &#8211; Erg Chebbi Turn Around &#8211; Merzouga<\/span><\/p>\n<p style=\"margin: 0.14em 0em 0em 0.57em; line-height: 1.49142857142857;\"><span style=\"font-family: 'Crimson Text','Rosario','Times New Roman'; font-size: 1.357em;\">Despu\u00e9s de un abundante desayuno marroqu\u00ed, escalaremos el 4 \u00d7 4 para comenzar nuestro regreso alrededor de las dunas Erg Chebbi, regi\u00f3n de arena des\u00e9rtica poblada: entre las muchas paradas que lo esperan, descubra c\u00f3mo y d\u00f3nde viven las familias n\u00f3madas en el \u00e1rea, oasis salvaje en El medio de la nada, paisajes espectaculares y peque\u00f1os pueblos del desierto, palmerales &#8230;<br \/>\nUna parada inevitable en nuestro camino a trav\u00e9s de la ciudad de Khamelia de personas originarias de Mali, nos har\u00e1 disfrutar de un agradable concierto de m\u00fasica gnawa, mientras saboreamos un delicioso t\u00e9.<br \/>\nAlrededor del hotel, esperando que salgamos de nuestros dromedarios en una ruta de una hora y media, paseando por las dunas de arena hasta el coraz\u00f3n del desierto para observar la hermosa puesta de sol. Envuelto por la Gran Duna, y disfrutando de la m\u00fasica de los tambores, la cena y el t\u00e9 marroqu\u00ed, puedes ver el inmenso cielo de estrellas y dormir en tiendas n\u00f3madas.<\/span><\/p>\n<h2><span style=\"color: #ffffff; font-size: 8pt;\">Marruecos tours del Desierto<\/span><\/h2>\n<p style=\"margin: 0.14em 0em 0em 0.57em; line-height: 1.49142857142857;\"><span style=\"font-family: 'Crimson Text','Rosario','Times New Roman'; font-weight: bold; font-size: 1.357em; color: rgba(206,152,52,1);\">D\u00eda 10: Merzouga &#8211; Rissani &#8211; Valle de Ziz &#8211; Midelt<\/span><\/p>\n<p style=\"margin: 0.14em 0em 0em 0.57em; line-height: 1.49142857142857;\"><span style=\"font-family: 'Crimson Text','Rosario','Times New Roman'; font-size: 1.357em;\">Nos levantamos temprano por la ma\u00f1ana para ver otro gran espect\u00e1culo entre las dunas del Sahara marroqu\u00ed: el espectacular amanecer.<br \/>\nUna vez m\u00e1s, abordar\u00e1 sus dromedarios para otra ruta de regreso al hotel.<br \/>\nDesayuno y ducha, y continuamos camino a Rissani. Donde caminar por lo que se conoce como el sur del pa\u00eds, donde se comercia con todo tipo de artesan\u00edas, alimentos y animales m\u00e1s aut\u00e1ntico, el zoco tradicional m\u00e1s grande de Marruecos, y.<br \/>\nContinuamos por Erfoud, la antigua puerta del desierto, famosa por el trabajo de la ciudad f\u00f3sil, cruzando el impresionante valle de Ziz con sus m\u00e1s de 18,000 palmeras, hasta llegar a Midelt. Cena y alojamiento en hotel.<\/span><\/p>\n<h2><span style=\"color: #ffffff; font-size: 8pt;\">excursiones desde T\u00e1nger<\/span><\/h2>\n<p style=\"margin: 0.14em 0em 0em 0.57em; line-height: 1.49142857142857;\"><span style=\"font-family: 'Crimson Text','Rosario','Times New Roman'; font-weight: bold; font-size: 1.357em; color: rgba(206,152,52,1);\">D\u00eda 12: Fez (visita guiada).<\/span><\/p>\n<p style=\"margin: 0.14em 0em 0em 0.57em; line-height: 1.49142857142857;\"><span style=\"font-family: 'Crimson Text','Rosario','Times New Roman'; font-size: 1.357em;\">Todo el d\u00eda libre para explorar Fez:<br \/>\nOtra de las cuatro ciudades imperiales. Marruecos es considerado como el centro religioso y cultural del pa\u00eds. Su universidad, famosa por el estudio del \u00e1rabe y el islam, es un punto de cruce para muchos estudiantes marroqu\u00edes. Tienes tiempo para pasear y conocer sus diferentes distritos, la nueva \u00e1rea o F\u00e8s el-Jdid, donde encontrar\u00e1s el Mellah (Barrio Jud\u00edo), la Ville Nouvelle (Villa Nueva), \u00e1rea francesa en el noroeste de la ciudad y, por supuesto. , Fez el -bali, el casco antiguo, dentro de las murallas.<br \/>\nPodr\u00e1s pasear por sus calles y sentirte como si hubieras transportado mundos pasados \u200b\u200bdonde los alfareros, herreros, artesanos y burros cargados con mercanc\u00edas de diversos or\u00edgenes coexisten con turistas que transitan por sus laber\u00ednticos callejones.<br \/>\nTambi\u00e9n famoso por el zoco de los curtidores, puedes ser part\u00edcipe del proceso artesanal mediante el cual las ra\u00edces medievales obtienen esos colores brillantes y el cuero. Alojamiento en riad.<\/span><\/p>\n<h2><span style=\"color: #ffffff; font-size: 8pt;\">excursiones desde T\u00e1nger<\/span><\/h2>\n<p style=\"margin: 0.14em 0em 0em 0.57em; line-height: 1.49142857142857;\"><span style=\"font-family: 'Crimson Text','Rosario','Times New Roman'; font-weight: bold; font-size: 1.357em; color: rgba(206,152,52,1);\">D\u00eda 13: Fez &#8211; Chefchaouen<\/span><\/p>\n<p style=\"margin: 0.14em 0em 0em 0.57em; line-height: 1.49142857142857;\"><span style=\"font-family: 'Crimson Text','Rosario','Times New Roman'; font-size: 1.357em;\">Salida temprano por la ma\u00f1ana a Chefchaouen.<br \/>\nPeque\u00f1a y encantadora ciudad ubicada en las estribaciones de las monta\u00f1as Tisouka y Megou de las monta\u00f1as Rif, que se elevan sobre la ciudad como dos cuernos, dando a la ciudad su nombre (Chefchaouen en Berber significa &#8220;mirar las bocinas&#8221;) Ciudad con muy poco tr\u00e1fico de autom\u00f3viles En un aire limpio y fresco que invita a quedarse para descubrir la belleza del lugar y sus alrededores respirar. Alojamiento en riad.<\/span><\/p>\n<h2><span style=\"color: #ffffff; font-size: 8pt;\">excursiones desde T\u00e1nger<\/span><\/h2>\n<p style=\"margin: 0.14em 0em 0em 0.57em; line-height: 1.49142857142857;\"><span style=\"font-family: 'Crimson Text','Rosario','Times New Roman'; font-weight: bold; font-size: 1.357em; color: rgba(206,152,52,1);\">D\u00eda 14: Chefchaouen &#8211; T\u00e1nger<\/span><\/p>\n<p style=\"margin: 0.14em 0em 0em 0.57em; line-height: 1.49142857142857;\"><span style=\"font-family: 'Crimson Text','Rosario','Times New Roman'; font-size: 1.357em;\">Salida hacia T\u00e1nger y traslado al aeropuerto, despedida y fin de nuestros servicios.<\/span><\/p>\n<h2><span style=\"color: #ffffff; font-size: 8pt;\">excursiones desde T\u00e1nger<\/span><\/h2>\n<p style=\"margin: 0.14em 0em 0em 0.57em; line-height: 1.49142857142857;\"><span style=\"font-family: 'Crimson Text','Rosario','Times New Roman'; font-size: 1.357em;\">Por favor\u00a0<\/span><a class=\"tt_link\" href=\"http:\/\/www.moroccoexperiencetours.com\/esp\/contactenos\/\" target=\"_self\" rel=\"noopener noreferrer\"><span style=\"font-family: 'Crimson Text','Rosario','Times New Roman'; font-size: 1.357em; color: rgba(0,0,255,1);\">cont\u00e1ctenos<\/span><\/a><span style=\"font-family: 'Crimson Text','Rosario','Times New Roman'; font-size: 1.357em;\"> por el precio. Gracias.<\/span><\/p>\n<h2><span style=\"color: #ffffff; font-size: 8pt;\">excursiones desde T\u00e1nger<\/span><\/h2>\n<p style=\"margin: 0.14em 0em 0em 0.57em; line-height: 1.49142857142857;\"><span style=\"font-family: 'Crimson Text','Rosario','Times New Roman'; font-weight: bold; font-size: 1.357em; color: rgba(193,134,27,1);\">Incluye lista:<\/span><\/p>\n<p style=\"margin: 0.14em 0em 0em 0.57em; line-height: 1.49142857142857;\"><span style=\"font-family: 'Crimson Text','Rosario','Times New Roman'; font-size: 1.357em;\">&#8211; Conductor profesional<\/span><\/p>\n<p style=\"margin: 0.14em 0em 0em 0.57em; line-height: 1.49142857142857;\"><span style=\"font-family: 'Crimson Text','Rosario','Times New Roman'; font-size: 1.357em;\">&#8211; Aire acondicionado 4\u00d74<\/span><\/p>\n<p style=\"margin: 0.14em 0em 0em 0.57em; line-height: 1.49142857142857;\"><span style=\"font-family: 'Crimson Text','Rosario','Times New Roman'; font-size: 1.357em;\">\u2013 Gasolina<\/span><\/p>\n<p style=\"margin: 0.14em 0em 0em 0.57em; line-height: 1.49142857142857;\"><span style=\"font-family: 'Crimson Text','Rosario','Times New Roman'; font-size: 1.357em;\">\u2013 Gu\u00eda de ruta<\/span><\/p>\n<p style=\"margin: 0.14em 0em 0em 0.57em; line-height: 1.49142857142857;\"><span style=\"font-family: 'Crimson Text','Rosario','Times New Roman'; font-size: 1.357em;\">\u2013 Berber Camp (Alojamiento, Cena, Desayuno)<\/span><\/p>\n<p style=\"margin: 0.14em 0em 0em 0.57em; line-height: 1.49142857142857;\"><span style=\"font-family: 'Crimson Text','Rosario','Times New Roman'; font-size: 1.357em;\">\u2013 Paseos en camello <\/span><\/p>\n<h2><span style=\"color: #ffffff; font-size: 8pt;\">excursiones desde T\u00e1nger<\/span><\/h2>\n<p style=\"margin: 0.14em 0em 0em 0.57em; line-height: 1.49142857142857;\"><span style=\"font-family: 'Crimson Text','Rosario','Times New Roman'; font-weight: bold; font-size: 1.357em; color: rgba(193,134,27,1);\">No incluye:<\/span><\/p>\n<p style=\"margin: 0.14em 0em 0em 0.57em; line-height: 1.49142857142857;\"><span style=\"font-family: 'Crimson Text','Rosario','Times New Roman'; font-size: 1.357em;\">\u2013 Vuelos<\/span><\/p>\n<p style=\"margin: 0.14em 0em 0em 0.57em; line-height: 1.49142857142857;\"><span style=\"font-family: 'Crimson Text','Rosario','Times New Roman'; font-size: 1.357em;\">\u2013 Bebidas<\/span><\/p>\n<p style=\"margin: 0.14em 0em 0em 0.57em; line-height: 1.49142857142857;\"><span style=\"font-family: 'Crimson Text','Rosario','Times New Roman'; font-size: 1.357em;\">\u2013 la comida.<\/span><\/p>\n<\/div>\n<div style=\"height: 0px; width: 0px; overflow: hidden; -webkit-margin-top-collapse: separate;\"><\/div>\n<div style=\"clear: both;\"><\/div>\n<\/div>\n<\/div>\n<div class=\" visible-lg-block visible-xs-block\" style=\"clear: both;\"><\/div>\n<\/div>\n<div class=\"ttr_new-page-copy-copy16_html_row1 row\">\n<div class=\"post_column col-lg-3 col-md-6 col-sm-6 col-xs-12\">\n<div class=\"ttr_new-page-copy-copy16_html_column10\">\n<div style=\"height: 0px; width: 0px; overflow: hidden; -webkit-margin-top-collapse: separate;\"><\/div>\n<div class=\"html_content\">\n<p style=\"margin: 0.36em 0em 0.36em 0em; line-height: 1.49142857142857;\"><span class=\"ttr_image\" style=\"float: Left; overflow: hidden; margin: 0.29em 0.29em 0.29em 0.29em; padding: 0em 0em 0em 0em;\"><img class=\"ttr_uniform\" style=\"max-height: 200px; max-width: 355px;\" src=\"http:\/\/moroccoexperiencetours.com\/wp-content\/uploads\/2019\/07\/t1.jpg\" alt=\"14 d\u00edas T\u00e1nger viaje al Desierto de Marruecos\" \/><\/span><\/p>\n<\/div>\n<div style=\"height: 0px; width: 0px; overflow: hidden; -webkit-margin-top-collapse: separate;\"><\/div>\n<div style=\"clear: both;\"><\/div>\n<\/div>\n<\/div>\n<div class=\" visible-xs-block\" style=\"clear: both;\"><\/div>\n<div class=\"post_column col-lg-3 col-md-6 col-sm-6 col-xs-12\">\n<div class=\"ttr_new-page-copy-copy16_html_column11\">\n<div style=\"height: 0px; width: 0px; overflow: hidden; -webkit-margin-top-collapse: separate;\"><\/div>\n<div class=\"html_content\">\n<p style=\"margin: 0.36em 0em 0.36em 0em; line-height: 1.49142857142857;\"><span class=\"ttr_image\" style=\"float: Left; overflow: hidden; margin: 0.29em 0.29em 0.29em 0.29em; padding: 0em 0em 0em 0em;\"><img class=\"ttr_uniform\" style=\"max-height: 200px; max-width: 355px;\" src=\"http:\/\/moroccoexperiencetours.com\/wp-content\/uploads\/2019\/07\/ch1.jpg\" alt=\"Tours desde T\u00e1nger\" \/><\/span><\/p>\n<\/div>\n<div style=\"height: 0px; width: 0px; overflow: hidden; -webkit-margin-top-collapse: separate;\"><\/div>\n<div style=\"clear: both;\"><\/div>\n<\/div>\n<\/div>\n<div class=\" visible-sm-block visible-md-block visible-xs-block\" style=\"clear: both;\"><\/div>\n<div class=\"post_column col-lg-3 col-md-6 col-sm-6 col-xs-12\">\n<div class=\"ttr_new-page-copy-copy16_html_column12\">\n<div style=\"height: 0px; width: 0px; overflow: hidden; -webkit-margin-top-collapse: separate;\"><\/div>\n<div class=\"html_content\">\n<p style=\"margin: 0.36em 0em 0.36em 0em; line-height: 1.49142857142857;\"><span class=\"ttr_image\" style=\"float: Left; overflow: hidden; margin: 0.29em 0.29em 0.29em 0.29em; padding: 0em 0em 0em 0em;\"><img class=\"ttr_uniform\" style=\"max-height: 200px; max-width: 355px;\" src=\"http:\/\/moroccoexperiencetours.com\/wp-content\/uploads\/2019\/07\/d1.jpg\" alt=\"Viajes de Marruecos\" \/><\/span><\/p>\n<\/div>\n<div style=\"height: 0px; width: 0px; overflow: hidden; -webkit-margin-top-collapse: separate;\"><\/div>\n<div style=\"clear: both;\"><\/div>\n<\/div>\n<\/div>\n<div class=\" visible-xs-block\" style=\"clear: both;\"><\/div>\n<div class=\"post_column col-lg-3 col-md-6 col-sm-6 col-xs-12\">\n<div class=\"ttr_new-page-copy-copy16_html_column13\">\n<div style=\"height: 0px; width: 0px; overflow: hidden; -webkit-margin-top-collapse: separate;\"><\/div>\n<div class=\"html_content\">\n<p style=\"margin: 0.36em 0em 0.36em 0em; line-height: 1.49142857142857;\"><span class=\"ttr_image\" style=\"float: Left; overflow: hidden; margin: 0.29em 0.29em 0.29em 0.29em; padding: 0em 0em 0em 0em;\"><img class=\"ttr_uniform\" style=\"max-height: 200px; max-width: 355px;\" src=\"http:\/\/moroccoexperiencetours.com\/wp-content\/uploads\/2019\/07\/m2.jpg\" alt=\"Rutas desde T\u00e1nger\" \/><\/span><\/p>\n<\/div>\n<div style=\"height: 0px; width: 0px; overflow: hidden; -webkit-margin-top-collapse: separate;\"><\/div>\n<div style=\"clear: both;\"><\/div>\n<\/div>\n<\/div>\n<div class=\" visible-lg-block visible-sm-block visible-md-block visible-xs-block\" style=\"clear: both;\"><\/div>\n<\/div>\n","protected":false},"excerpt":{"rendered":"<p>14 d\u00edas T\u00e1nger viaje al Desierto de Marruecos D\u00eda 1: T\u00e1nger &#8211; Asilah. Elija su llegada a T\u00e1nger y parte de la ma\u00f1ana libre para explorar la ciudad. Conocida como &#8220;la puerta de \u00c1frica&#8221;, una de las ciudades m\u00e1s vibrantes, &hellip;<\/p>\n<p><a href=\"http:\/\/www.moroccoexperiencetours.com\/esp\/14-dias-tanger-viaje-al-desierto-de-marruecos\/\">Continue Reading<span class=\"meta-nav\">&rarr;<\/span><\/a><\/p>\n","protected":false},"author":1,"featured_media":0,"parent":0,"menu_order":24,"comment_status":"closed","ping_status":"closed","template":"page-templates\/new-page-copy-copy16_page.php","meta":[],"_links":{"self":[{"href":"http:\/\/www.moroccoexperiencetours.com\/esp\/wp-json\/wp\/v2\/pages\/140"}],"collection":[{"href":"http:\/\/www.moroccoexperiencetours.com\/esp\/wp-json\/wp\/v2\/pages"}],"about":[{"href":"http:\/\/www.moroccoexperiencetours.com\/esp\/wp-json\/wp\/v2\/types\/page"}],"author":[{"embeddable":true,"href":"http:\/\/www.moroccoexperiencetours.com\/esp\/wp-json\/wp\/v2\/users\/1"}],"replies":[{"embeddable":true,"href":"http:\/\/www.moroccoexperiencetours.com\/esp\/wp-json\/wp\/v2\/comments?post=140"}],"version-history":[{"count":3,"href":"http:\/\/www.moroccoexperiencetours.com\/esp\/wp-json\/wp\/v2\/pages\/140\/revisions"}],"predecessor-version":[{"id":466,"href":"http:\/\/www.moroccoexperiencetours.com\/esp\/wp-json\/wp\/v2\/pages\/140\/revisions\/466"}],"wp:attachment":[{"href":"http:\/\/www.moroccoexperiencetours.com\/esp\/wp-json\/wp\/v2\/media?parent=140"}],"curies":[{"name":"wp","href":"https:\/\/api.w.org\/{rel}","templated":true}]}}